{"id":7862,"date":"2026-04-28T15:41:03","date_gmt":"2026-04-28T12:41:03","guid":{"rendered":"https:\/\/3la3.ro\/ro\/?page_id=7862"},"modified":"2026-04-28T16:06:18","modified_gmt":"2026-04-28T13:06:18","slug":"t1-drumul-taberei","status":"publish","type":"page","link":"https:\/\/3la3.ro\/ro\/t1-drumul-taberei","title":{"rendered":"T1 &#8211; Drumul Taberei"},"content":{"rendered":"\n<p>Festivalul de sport urban BCR Sport Arena Streetball revine \u00een Parcul Drumul Taberei pentru primul eveniment din 2026, care va avea loc \u00een perioada 8-10 mai. Competi\u021bia oficial\u0103 de baschet 3&#215;3 se va desf\u0103\u0219ura pe patru terenuri, cu un num\u0103r limit\u0103 de 125 de echipe, cumulat la toate categoriile.<\/p>\n\n\n\n<p><a href=\"https:\/\/3la3.ro\/ro\/wp-content\/uploads\/2026\/04\/Regulament-tur-2026.pdf\" target=\"_blank\" rel=\"noreferrer noopener\">VEZI Regulamentul complet al competi\u021biei<\/a><\/p>\n\n\n\n<p>Turneul este dedicat tuturor categoriilor de v\u00e2rst\u0103 astfel: U10 (mixt), U12, U14, U16, U18, U21, Open \u0219i +35, at\u00e2t la masculin c\u00e2t \u0219i la feminin. <\/p>\n\n\n\n<p>Pentru acest turneu taxa de participare la eveniment este de <strong>150 de euro \/ echip\u0103<\/strong> \u0219i include maioul oficial al competi\u021biei, care va fi purtat obligatoriu \u00een timpul meciurilor. <strong>Achitarea taxei se face de c\u0103tre un singur juc\u0103tor pentru toat\u0103 echipa<\/strong>, \u00een momentul \u00eenscrierii, prin accesarea butonului PayPal din modulul de \u00eenscriere play.fiba3x3. Plata se poate realiza cu orice tip de card bancar validat pentru pl\u0103\u021bi online. <strong><em>Nu este necesar\u0103 crearea unui cont de PayPal.<\/em><\/strong><\/p>\n\n\n\n<p>\u00censcrierile pentru acest turneu \u00eencep <strong>luni 4 mai, ora 15.00<\/strong> &#8211; <strong>pe modulul pe care \u00eel ve\u021bi g\u0103si \u00een josul acestei pagini<\/strong> &#8211; \u0219i se vor face \u00een limita a 125 de echipe, cumulat, la toate categoriile sau p\u00e2n\u0103 <strong>miercuri, 6 mai, ora 22.00<\/strong>.<\/p>\n\n\n\n<p><strong>Programul<\/strong> meciurilor va fi afi\u0219at \u00een cursul zilei de <strong>joi, 7 mai<\/strong> pe site-ul oficial 3la3.ro \u0219i va fi comunicat \u0219i pe conturile de social media ale Sport Arena Streetball.<\/p>\n\n\n\n<p>Acest turneu va avea loc \u00een perioada 8-10 mai, in incinta Parcul Drumul Taberei, Bucuresti.<\/p>\n\n\n\n<p>BCR Sport Arena Streetball 2025 este un \u201cPlayers\u2019 Tour\u201d. Fiecare juc\u0103tor va acumula individual puncte \u00een clasament, \u00een func\u021bie de locul ocupat de echipa sa la finalul turneului. \u00cen baza clasamentului individual al juc\u0103torilor pe sezonul 2026, cei mai buni dintre ace\u0219tia vor fi eligibili pentru a-\u0219i crea propria echipa la FINALA BCR Sport Arena Streetball 2026, care va avea loc Bucure\u0219ti \u00een perioada 11-13 septembrie.<\/p>\n","protected":false},"excerpt":{"rendered":"<p>Festivalul de sport urban BCR Sport Arena Streetball revine \u00een Parcul Drumul Taberei pentru primul eveniment din 2026, care va avea loc \u00een perioada 8-10 mai. Competi\u021bia oficial\u0103 de baschet 3&#215;3 se va desf\u0103\u0219ura pe patru terenuri, cu un num\u0103r limit\u0103 de 125 de echipe, cumulat la toate categoriile. VEZI Regulamentul complet al competi\u021biei Turneul este dedicat tuturor categoriilor de v\u00e2rst\u0103 astfel: U10 (mixt), U12, U14, U16, U18, U21, Open \u0219i +35, at\u00e2t la masculin c\u00e2t \u0219i la feminin. Pentru acest turneu taxa de participare la eveniment este de 150&hellip;<\/p>\n","protected":false},"author":1,"featured_media":0,"parent":0,"menu_order":0,"comment_status":"closed","ping_status":"closed","template":"","meta":{"footnotes":""},"_links":{"self":[{"href":"https:\/\/3la3.ro\/ro\/wp-json\/wp\/v2\/pages\/7862"}],"collection":[{"href":"https:\/\/3la3.ro\/ro\/wp-json\/wp\/v2\/pages"}],"about":[{"href":"https:\/\/3la3.ro\/ro\/wp-json\/wp\/v2\/types\/page"}],"author":[{"embeddable":true,"href":"https:\/\/3la3.ro\/ro\/wp-json\/wp\/v2\/users\/1"}],"replies":[{"embeddable":true,"href":"https:\/\/3la3.ro\/ro\/wp-json\/wp\/v2\/comments?post=7862"}],"version-history":[{"count":4,"href":"https:\/\/3la3.ro\/ro\/wp-json\/wp\/v2\/pages\/7862\/revisions"}],"predecessor-version":[{"id":7869,"href":"https:\/\/3la3.ro\/ro\/wp-json\/wp\/v2\/pages\/7862\/revisions\/7869"}],"wp:attachment":[{"href":"https:\/\/3la3.ro\/ro\/wp-json\/wp\/v2\/media?parent=7862"}],"curies":[{"name":"wp","href":"https:\/\/api.w.org\/{rel}","templated":true}]}}