{"id":7597,"date":"2025-09-03T15:20:03","date_gmt":"2025-09-03T12:20:03","guid":{"rendered":"https:\/\/3la3.ro\/ro\/?page_id=7597"},"modified":"2025-09-19T03:58:22","modified_gmt":"2025-09-19T00:58:22","slug":"finala-bcr-sas2025","status":"publish","type":"page","link":"https:\/\/3la3.ro\/ro\/finala-bcr-sas2025","title":{"rendered":"FINALA BCR #SAS2025"},"content":{"rendered":"\n<figure class=\"wp-block-image alignfull size-large\"><a href=\"https:\/\/3la3.ro\/ro\/wp-content\/uploads\/2025\/09\/cover-facebook-2025-finala.png\"><img loading=\"lazy\" decoding=\"async\" width=\"840\" height=\"473\" src=\"https:\/\/3la3.ro\/ro\/wp-content\/uploads\/2025\/09\/cover-facebook-2025-finala-840x473.png\" alt=\"\" class=\"wp-image-7630\" srcset=\"https:\/\/3la3.ro\/ro\/wp-content\/uploads\/2025\/09\/cover-facebook-2025-finala-840x473.png 840w, https:\/\/3la3.ro\/ro\/wp-content\/uploads\/2025\/09\/cover-facebook-2025-finala-649x365.png 649w, https:\/\/3la3.ro\/ro\/wp-content\/uploads\/2025\/09\/cover-facebook-2025-finala-768x432.png 768w, https:\/\/3la3.ro\/ro\/wp-content\/uploads\/2025\/09\/cover-facebook-2025-finala-1536x864.png 1536w, https:\/\/3la3.ro\/ro\/wp-content\/uploads\/2025\/09\/cover-facebook-2025-finala.png 1920w\" sizes=\"(max-width: 840px) 100vw, 840px\" \/><\/a><\/figure>\n\n\n\n<p>Finala BCR Sport Arena Streetball 2025 va avea loc \u00een perioada 19-21 septembrie, la Prim\u0103ria Sectorului 1 Bucure\u0219ti (Bvd. Banu Manta, nr. 9). Este evenimentul care \u00eenchide edi\u021bia aniversar\u0103 &#8211; 20 de ani de Sport Arena Streetball &#8211; a celei mai populare competi\u021bii de baschet 3&#215;3 din Rom\u00e2nia. <\/p>\n\n\n\n<p>Parcarea sediului Prim\u0103riei S1 se va transforma \u00eentr-un hub dedicat sporturilor urbane iar atmosfera de festival va fi \u00eentre\u021binut\u0103 de-a lungul celor trei zile de muzic\u0103 cu momente spectaculoase de entertainment, distrac\u021bie \u0219i socializare \u00een mijlocul comunit\u0103\u021bii.<\/p>\n\n\n\n<p>Zone de sport \u0219i mi\u0219care pentru toat\u0103 familia (baschet, volei, mini-fotbal, fotbal-tenis, badminton, tenis de mas\u0103, pickleball, skateboard, dans), zon\u0103 de gaming \u0219i tehnologie, jocuri tematice \u0219i multe concursuri cu premii sunt provoc\u0103rile care \u00eei a\u0219teapt\u0103 pe participan\u021bi.<\/p>\n\n\n\n<p class=\"has-text-align-center\"><strong>Programul zonei pentru fani:<\/strong><br>Vineri 19 septembrie: 17.00 &#8211; 22.00<br>S\u00e2mb\u0103t\u0103 20 septembrie: 10.00 &#8211; 22.00<br>Duminic\u0103 21 septembrie: 10.00 &#8211; 20.00<\/p>\n\n\n\n<p class=\"has-text-align-center\"><strong>Programul competi\u021biei oficiale de baschet 3&#215;3:<\/strong><\/p>\n\n\n\n<script data-fiba-embedtype=\"results\" data-fiba-eventid=\"15fa7f8f-7445-4209-accc-0c5e0140857d\" src=\"https:\/\/play.fiba3x3.com\/embed.js\" sync><\/script>\n","protected":false},"excerpt":{"rendered":"<p>Finala BCR Sport Arena Streetball 2025 va avea loc \u00een perioada 19-21 septembrie, la Prim\u0103ria Sectorului 1 Bucure\u0219ti (Bvd. Banu Manta, nr. 9). Este evenimentul care \u00eenchide edi\u021bia aniversar\u0103 &#8211; 20 de ani de Sport Arena Streetball &#8211; a celei mai populare competi\u021bii de baschet 3&#215;3 din Rom\u00e2nia. Parcarea sediului Prim\u0103riei S1 se va transforma \u00eentr-un hub dedicat sporturilor urbane iar atmosfera de festival va fi \u00eentre\u021binut\u0103 de-a lungul celor trei zile de muzic\u0103 cu momente spectaculoase de entertainment, distrac\u021bie \u0219i socializare \u00een mijlocul comunit\u0103\u021bii. Zone de sport \u0219i mi\u0219care&hellip;<\/p>\n","protected":false},"author":1,"featured_media":0,"parent":0,"menu_order":0,"comment_status":"closed","ping_status":"closed","template":"","meta":{"footnotes":""},"_links":{"self":[{"href":"https:\/\/3la3.ro\/ro\/wp-json\/wp\/v2\/pages\/7597"}],"collection":[{"href":"https:\/\/3la3.ro\/ro\/wp-json\/wp\/v2\/pages"}],"about":[{"href":"https:\/\/3la3.ro\/ro\/wp-json\/wp\/v2\/types\/page"}],"author":[{"embeddable":true,"href":"https:\/\/3la3.ro\/ro\/wp-json\/wp\/v2\/users\/1"}],"replies":[{"embeddable":true,"href":"https:\/\/3la3.ro\/ro\/wp-json\/wp\/v2\/comments?post=7597"}],"version-history":[{"count":11,"href":"https:\/\/3la3.ro\/ro\/wp-json\/wp\/v2\/pages\/7597\/revisions"}],"predecessor-version":[{"id":7631,"href":"https:\/\/3la3.ro\/ro\/wp-json\/wp\/v2\/pages\/7597\/revisions\/7631"}],"wp:attachment":[{"href":"https:\/\/3la3.ro\/ro\/wp-json\/wp\/v2\/media?parent=7597"}],"curies":[{"name":"wp","href":"https:\/\/api.w.org\/{rel}","templated":true}]}}