{"id":7473,"date":"2025-06-16T11:04:25","date_gmt":"2025-06-16T08:04:25","guid":{"rendered":"https:\/\/3la3.ro\/ro\/?page_id=7473"},"modified":"2025-06-16T11:19:45","modified_gmt":"2025-06-16T08:19:45","slug":"turneul-3-parcul-liniei","status":"publish","type":"page","link":"https:\/\/3la3.ro\/ro\/turneul-3-parcul-liniei","title":{"rendered":"BCR #SAS 2025 &#8211; Turneul 3 &#8211; Parcul Liniei"},"content":{"rendered":"\n<p>Cel mai important circuit de baschet 3&#215;3 din Rom\u00e2nia, <strong>BCR Sport Arena Streetball<\/strong>, continu\u0103 sezonul aniversar cu cea de-a treia etap\u0103, care va avea loc \u00eentre <strong>20 \u0219i 22 iunie<\/strong>, \u00eentr-o loca\u021bie spectaculoas\u0103 \u0219i nou\u0103 pe harta streetball-ului bucure\u0219tean: <strong>Parcul Liniei<\/strong>.<br><br>Turneul face parte din circuitul <strong>BCR Sport Arena Streetball Tour 2025<\/strong> \u0219i este dedicat tuturor categoriilor de v\u00e2rst\u0103: <strong>U10 (mixt), U12, U14, U16, U18, U21, Open \u0219i +35<\/strong>, at\u00e2t la masculin c\u00e2t \u0219i la feminin.<\/p>\n\n\n\n<p>\u00censcrierile pentru acest turneu \u00eencep <strong>luni, 16 iunie, ora 15:00<\/strong> \u0219i se vor face exclusiv online, \u00een limita a <strong>120 de echipe cumulat la toate categoriile<\/strong>, sau p\u00e2n\u0103 miercuri, 18 iunie, ora 18:00.<\/p>\n\n\n\n<p>&#x1f4cd; \u00censcrierile se fac \u00een aceast\u0103 pagin\u0103 (vezi mai jos), iar taxa de participare este de <strong>50 euro\/echip\u0103<\/strong>, achitat\u0103 de un singur membru, \u00een momentul \u00eenregistr\u0103rii, prin butonul PayPal disponibil \u00een formularul de \u00eenscriere (f\u0103r\u0103 a necesita cont PayPal, doar card valid pentru pl\u0103\u021bi online).<\/p>\n\n\n\n<p>&#x1f3bd; Juc\u0103torii care nu de\u021bin \u00eenc\u0103 <strong>maioul oficial de joc BCR Sport Arena Streetball 2025<\/strong> vor trebui s\u0103 \u00eel achizi\u021bioneze la zona de check-in, la pre\u021bul de <strong>100 de lei<\/strong>. Maioul oficial de joc este <strong>obligatoriu<\/strong> pentru participarea la turneu.<\/p>\n\n\n\n<p>&#x1f5d3;&#xfe0f; Programul meciurilor va fi afi\u0219at joi, <strong>19 iunie<\/strong>, pe site-ul oficial <strong><a class=\"\" href=\"http:\/\/www.3la3.ro\">www.3la3.ro<\/a><\/strong> \u0219i pe canalele de social media ale competi\u021biei.<\/p>\n\n\n\n<p>&#x1f3c6; BCR Sport Arena Streetball 2025 este un \u201cPlayers\u2019 Tour\u201d. Fiecare juc\u0103tor va acumula individual puncte \u00een clasament, \u00een func\u021bie de locul ocupat de echipa sa la finalul turneului. \u00cen baza clasamentului individual al juc\u0103torilor pe sezonul 2025, cei mai buni dintre ace\u0219tia vor fi eligibili pentru a-\u0219i crea propria echipa la FINALA BCR Sport Arena Streetball 2025, care va avea loc Bucure\u0219ti \u00een perioada 19-21 septembrie.<\/p>\n\n\n\n<script data-fiba-embedtype=\"registration\" data-fiba-eventid=\"3ac50305-c5d8-4ff3-8bb2-70dc1ad1ca5b\" src=\"https:\/\/play.fiba3x3.com\/embed.js\" sync><\/script>\n","protected":false},"excerpt":{"rendered":"<p>Cel mai important circuit de baschet 3&#215;3 din Rom\u00e2nia, BCR Sport Arena Streetball, continu\u0103 sezonul aniversar cu cea de-a treia etap\u0103, care va avea loc \u00eentre 20 \u0219i 22 iunie, \u00eentr-o loca\u021bie spectaculoas\u0103 \u0219i nou\u0103 pe harta streetball-ului bucure\u0219tean: Parcul Liniei. Turneul face parte din circuitul BCR Sport Arena Streetball Tour 2025 \u0219i este dedicat tuturor categoriilor de v\u00e2rst\u0103: U10 (mixt), U12, U14, U16, U18, U21, Open \u0219i +35, at\u00e2t la masculin c\u00e2t \u0219i la feminin. \u00censcrierile pentru acest turneu \u00eencep luni, 16 iunie, ora 15:00 \u0219i se vor face&hellip;<\/p>\n","protected":false},"author":1,"featured_media":0,"parent":0,"menu_order":0,"comment_status":"closed","ping_status":"closed","template":"","meta":{"footnotes":""},"_links":{"self":[{"href":"https:\/\/3la3.ro\/ro\/wp-json\/wp\/v2\/pages\/7473"}],"collection":[{"href":"https:\/\/3la3.ro\/ro\/wp-json\/wp\/v2\/pages"}],"about":[{"href":"https:\/\/3la3.ro\/ro\/wp-json\/wp\/v2\/types\/page"}],"author":[{"embeddable":true,"href":"https:\/\/3la3.ro\/ro\/wp-json\/wp\/v2\/users\/1"}],"replies":[{"embeddable":true,"href":"https:\/\/3la3.ro\/ro\/wp-json\/wp\/v2\/comments?post=7473"}],"version-history":[{"count":4,"href":"https:\/\/3la3.ro\/ro\/wp-json\/wp\/v2\/pages\/7473\/revisions"}],"predecessor-version":[{"id":7481,"href":"https:\/\/3la3.ro\/ro\/wp-json\/wp\/v2\/pages\/7473\/revisions\/7481"}],"wp:attachment":[{"href":"https:\/\/3la3.ro\/ro\/wp-json\/wp\/v2\/media?parent=7473"}],"curies":[{"name":"wp","href":"https:\/\/api.w.org\/{rel}","templated":true}]}}