{"id":7417,"date":"2025-05-16T18:14:13","date_gmt":"2025-05-16T15:14:13","guid":{"rendered":"https:\/\/3la3.ro\/ro\/?page_id=7417"},"modified":"2025-05-24T12:23:18","modified_gmt":"2025-05-24T09:23:18","slug":"bcr-sas2025-iasi","status":"publish","type":"page","link":"https:\/\/3la3.ro\/ro\/bcr-sas2025-iasi","title":{"rendered":"BCR #SAS2025 Ia\u0219i"},"content":{"rendered":"\n<p>Turneul face parte din circuitul de baschet 3&#215;3 BCR Sport Arena Streetball Tour 2025 \u0219i este dedicat tuturor categoriilor de v\u00e2rst\u0103 astfel: U10 (mixt), U12, U14, U16, U18, U21, Open \u0219i +35, at\u00e2t la masculin c\u00e2t \u0219i la feminin.<\/p>\n\n\n\n<p>Acest turneu va avea loc \u00een perioada 23 mai &#8211; 25 mai, la Ilius Mall Iasi.<\/p>\n\n\n\n<p>BCR Sport Arena Streetball 2025 este un \u201cPlayers\u2019 Tour\u201d. Fiecare juc\u0103tor va acumula individual puncte \u00een clasament, \u00een func\u021bie de locul ocupat de echipa sa la finalul turneului. \u00cen baza clasamentului individual al juc\u0103torilor pe sezonul 2025, cei mai buni dintre ace\u0219tia vor fi eligibili pentru a-\u0219i crea propria echipa la FINALA BCR Sport Arena Streetball 2025, care va avea loc Bucure\u0219ti \u00een perioada 19-21 septembrie.<\/p>\n\n\n\n<p><\/p>\n\nPROGRAM:\n\n<script data-fiba-embedtype=\"results\" data-fiba-eventid=\"562e8439-a73a-4a04-847b-c790e53b44d5\" src=\"https:\/\/play.fiba3x3.com\/embed.js\" sync><\/script>","protected":false},"excerpt":{"rendered":"<p>Turneul face parte din circuitul de baschet 3&#215;3 BCR Sport Arena Streetball Tour 2025 \u0219i este dedicat tuturor categoriilor de v\u00e2rst\u0103 astfel: U10 (mixt), U12, U14, U16, U18, U21, Open \u0219i +35, at\u00e2t la masculin c\u00e2t \u0219i la feminin. Acest turneu va avea loc \u00een perioada 23 mai &#8211; 25 mai, la Ilius Mall Iasi. BCR Sport Arena Streetball 2025 este un \u201cPlayers\u2019 Tour\u201d. Fiecare juc\u0103tor va acumula individual puncte \u00een clasament, \u00een func\u021bie de locul ocupat de echipa sa la finalul turneului. \u00cen baza clasamentului individual al juc\u0103torilor pe&hellip;<\/p>\n","protected":false},"author":1,"featured_media":0,"parent":0,"menu_order":0,"comment_status":"closed","ping_status":"closed","template":"","meta":{"footnotes":""},"_links":{"self":[{"href":"https:\/\/3la3.ro\/ro\/wp-json\/wp\/v2\/pages\/7417"}],"collection":[{"href":"https:\/\/3la3.ro\/ro\/wp-json\/wp\/v2\/pages"}],"about":[{"href":"https:\/\/3la3.ro\/ro\/wp-json\/wp\/v2\/types\/page"}],"author":[{"embeddable":true,"href":"https:\/\/3la3.ro\/ro\/wp-json\/wp\/v2\/users\/1"}],"replies":[{"embeddable":true,"href":"https:\/\/3la3.ro\/ro\/wp-json\/wp\/v2\/comments?post=7417"}],"version-history":[{"count":3,"href":"https:\/\/3la3.ro\/ro\/wp-json\/wp\/v2\/pages\/7417\/revisions"}],"predecessor-version":[{"id":7432,"href":"https:\/\/3la3.ro\/ro\/wp-json\/wp\/v2\/pages\/7417\/revisions\/7432"}],"wp:attachment":[{"href":"https:\/\/3la3.ro\/ro\/wp-json\/wp\/v2\/media?parent=7417"}],"curies":[{"name":"wp","href":"https:\/\/api.w.org\/{rel}","templated":true}]}}