{"id":7327,"date":"2025-04-29T11:20:13","date_gmt":"2025-04-29T08:20:13","guid":{"rendered":"https:\/\/3la3.ro\/ro\/?page_id=7327"},"modified":"2025-05-10T12:37:44","modified_gmt":"2025-05-10T09:37:44","slug":"bcrsas2025-turneul-1","status":"publish","type":"page","link":"https:\/\/3la3.ro\/ro\/bcrsas2025-turneul-1","title":{"rendered":"BCR #SAS2025 &#8211; Turneul 1"},"content":{"rendered":"<p><strong>UPDATE 12:30 AM:<\/strong> Dac\u0103 nu vom comunica altfel \u0219i vremea va \u021bine cu noi, de la ora 15.00, programul se reia \u00een Parcul Drumul Taberei!<\/p>\n<p>Urm\u0103ri\u021bi-ne pe social media \u0219i pe site pentru actualiz\u0103ri.<\/p>\n<p>&#8211;&#8211;&#8211;&#8211;&#8211;&#8211;&#8211;&#8211;&#8211;&#8211;&#8211;&#8211;&#8211;&#8211;&#8211;&#8211;&#8211;<\/p>\n<p><strong>UPDATE 08:00 AM: Din cauza ploii, meciurile din sesiunea de dimineata (meciurile programate pana la ora 13.00) se vor disputa astfel:<\/strong><\/p>\n<p><strong>Terenurile BCR si Mastercard<\/strong> la Scoala Sfantu Andrei &#8211; <a href=\"https:\/\/maps.app.goo.gl\/SzaYUSdpfXhiEqhk7\" target=\"_blank\" rel=\"noopener\">LOCALIZARE PE MAPS<\/a><\/p>\n<p><strong>Terenurile Nike si Sectorul 6<\/strong> la Scoala Adrian Paunescu &#8211; <a href=\"https:\/\/maps.app.goo.gl\/9ZcEeNLbXHXxmVsd9\" target=\"_blank\" rel=\"noopener\">LOCALIZARE PE MAPS\u00a0<\/a><\/p>\n<p><strong>ORELE MECIURILOR RAMAN ACELEASI DIN PROGRAMUL DE MAI JOS!<\/strong><\/p>\n<p><strong>URMATORUL UPDATE LA ORA 12.00!<\/strong><\/p>\n<p>&#8211;&#8211;&#8211;&#8211;&#8211;&#8211;&#8211;&#8211;&#8211;&#8211;&#8211;&#8211;&#8211;&#8211;&#8211;&#8211;&#8211;<\/p>\n<p>Turneul face parte din circuitul de baschet 3&#215;3 <strong>BCR Sport Arena Streetball Tour 2025<\/strong>\u00a0\u0219i este dedicat tuturor categoriilor de v\u00e2rst\u0103 astfel: U10 (mixt), U12, U14, U16, U18, U21, Open \u0219i +35, at\u00e2t la masculin c\u00e2t \u0219i la feminin.<\/p>\n<p>Acest turneu va avea loc \u00een perioada <strong>9-11 mai, \u00een Parcul Drumul Taberei, zona lacului de agrement.<\/strong><\/p>\n<p>\u00censcrierile pentru acest turneu s-au \u00eencheiat. <strong>Programul poate fi consultat mai jos \u00een pagin\u0103 \u00eencep\u00e2nd de joi 8 mai.\u00a0<\/strong><\/p>\n<p>Pentru a usura procesul de validare a echipelor la zona de check-in de la eveniment, va rugam sa completati si sa aveti cu voi disclaimer-ul de mai jos.<\/p>\n<p><em><strong><a href=\"https:\/\/3la3.ro\/ro\/wp-content\/uploads\/2025\/05\/Declaratie-SAS-2025.pdf\">DESCARCA DISCLAIMER\u00a0<\/a><\/strong><\/em><\/p>\n<p><strong>BCR Sport Arena Streetball 2025<\/strong> este un \u201cPlayers\u2019 Tour\u201d. Fiecare juc\u0103tor va acumula individual puncte \u00een clasament, \u00een func\u021bie de locul ocupat de echipa sa la finalul turneului. \u00cen baza clasamentului individual al juc\u0103torilor pe sezonul 2025, cei mai buni dintre ace\u0219tia vor fi eligibili pentru a-\u0219i crea propria echipa la FINALA BCR Sport Arena Streetball 2025, care va avea loc Bucure\u0219ti \u00een perioada 19-21 septembrie.<\/p>\n<p><script data-fiba-embedtype=\"results\" data-fiba-eventid=\"0c4a45f7-d541-4e6f-9f73-fe21541b4762\" src=\"https:\/\/play.fiba3x3.com\/embed.js\" sync><\/script><\/p>\n","protected":false},"excerpt":{"rendered":"<p>UPDATE 12:30 AM: Dac\u0103 nu vom comunica altfel \u0219i vremea va \u021bine cu noi, de la ora 15.00, programul se reia \u00een Parcul Drumul Taberei! Urm\u0103ri\u021bi-ne pe social media \u0219i pe site pentru actualiz\u0103ri. &#8211;&#8211;&#8211;&#8211;&#8211;&#8211;&#8211;&#8211;&#8211;&#8211;&#8211;&#8211;&#8211;&#8211;&#8211;&#8211;&#8211; UPDATE 08:00 AM: Din cauza ploii, meciurile din sesiunea de dimineata (meciurile programate pana la ora 13.00) se vor disputa astfel: Terenurile BCR si Mastercard la Scoala Sfantu Andrei &#8211; LOCALIZARE PE MAPS Terenurile Nike si Sectorul 6 la Scoala Adrian Paunescu &#8211; LOCALIZARE PE MAPS\u00a0 ORELE MECIURILOR RAMAN ACELEASI DIN PROGRAMUL DE MAI JOS!&hellip;<\/p>\n","protected":false},"author":1,"featured_media":0,"parent":0,"menu_order":0,"comment_status":"closed","ping_status":"closed","template":"","meta":{"footnotes":""},"_links":{"self":[{"href":"https:\/\/3la3.ro\/ro\/wp-json\/wp\/v2\/pages\/7327"}],"collection":[{"href":"https:\/\/3la3.ro\/ro\/wp-json\/wp\/v2\/pages"}],"about":[{"href":"https:\/\/3la3.ro\/ro\/wp-json\/wp\/v2\/types\/page"}],"author":[{"embeddable":true,"href":"https:\/\/3la3.ro\/ro\/wp-json\/wp\/v2\/users\/1"}],"replies":[{"embeddable":true,"href":"https:\/\/3la3.ro\/ro\/wp-json\/wp\/v2\/comments?post=7327"}],"version-history":[{"count":11,"href":"https:\/\/3la3.ro\/ro\/wp-json\/wp\/v2\/pages\/7327\/revisions"}],"predecessor-version":[{"id":7407,"href":"https:\/\/3la3.ro\/ro\/wp-json\/wp\/v2\/pages\/7327\/revisions\/7407"}],"wp:attachment":[{"href":"https:\/\/3la3.ro\/ro\/wp-json\/wp\/v2\/media?parent=7327"}],"curies":[{"name":"wp","href":"https:\/\/api.w.org\/{rel}","templated":true}]}}