{"id":7189,"date":"2024-08-15T15:15:53","date_gmt":"2024-08-15T12:15:53","guid":{"rendered":"https:\/\/3la3.ro\/ro\/?page_id=7189"},"modified":"2024-09-05T18:02:37","modified_gmt":"2024-09-05T15:02:37","slug":"bcr-sas2024-finala","status":"publish","type":"page","link":"https:\/\/3la3.ro\/ro\/bcr-sas2024-finala","title":{"rendered":"BCR #SAS2024 &#8211; FINALA"},"content":{"rendered":"<p><a href=\"https:\/\/3la3.ro\/ro\/bcr-sas2024-finala\/finala-sas-1920x1080\" rel=\"attachment wp-att-7236\"><img loading=\"lazy\" decoding=\"async\" class=\"aligncenter size-full wp-image-7236\" src=\"https:\/\/3la3.ro\/ro\/wp-content\/uploads\/2024\/09\/Finala-SAS-1920x1080-1.png\" alt=\"\" width=\"1920\" height=\"1080\" srcset=\"https:\/\/3la3.ro\/ro\/wp-content\/uploads\/2024\/09\/Finala-SAS-1920x1080-1.png 1920w, https:\/\/3la3.ro\/ro\/wp-content\/uploads\/2024\/09\/Finala-SAS-1920x1080-1-649x365.png 649w, https:\/\/3la3.ro\/ro\/wp-content\/uploads\/2024\/09\/Finala-SAS-1920x1080-1-840x473.png 840w, https:\/\/3la3.ro\/ro\/wp-content\/uploads\/2024\/09\/Finala-SAS-1920x1080-1-500x280.png 500w, https:\/\/3la3.ro\/ro\/wp-content\/uploads\/2024\/09\/Finala-SAS-1920x1080-1-768x432.png 768w, https:\/\/3la3.ro\/ro\/wp-content\/uploads\/2024\/09\/Finala-SAS-1920x1080-1-1536x864.png 1536w\" sizes=\"(max-width: 1920px) 100vw, 1920px\" \/><\/a><\/p>\n<p>&nbsp;<\/p>\n<p>Turneul final al circuitului na\u021bional de baschet 3&#215;3 BCR Sport Arena Streetball avea loc \u00een perioada 6-8 septembrie, la Poli Arena, \u00een Universitatea Politehnic\u0103 Bucure\u0219ti. <\/p>\n<p>PROGRAM MECIURI:<\/p>\n<p>&nbsp;<\/p>\n<p><script data-fiba-embedtype=\"results\" data-fiba-eventid=\"e55a2218-e0f1-4051-8195-c09eb46cd36d\" src=\"https:\/\/play.fiba3x3.com\/embed.js\" sync><\/script><\/p>\n","protected":false},"excerpt":{"rendered":"<p>&nbsp; Turneul final al circuitului na\u021bional de baschet 3&#215;3 BCR Sport Arena Streetball avea loc \u00een perioada 6-8 septembrie, la Poli Arena, \u00een Universitatea Politehnic\u0103 Bucure\u0219ti. PROGRAM MECIURI: &nbsp;<\/p>\n","protected":false},"author":1,"featured_media":0,"parent":0,"menu_order":0,"comment_status":"closed","ping_status":"closed","template":"","meta":{"footnotes":""},"_links":{"self":[{"href":"https:\/\/3la3.ro\/ro\/wp-json\/wp\/v2\/pages\/7189"}],"collection":[{"href":"https:\/\/3la3.ro\/ro\/wp-json\/wp\/v2\/pages"}],"about":[{"href":"https:\/\/3la3.ro\/ro\/wp-json\/wp\/v2\/types\/page"}],"author":[{"embeddable":true,"href":"https:\/\/3la3.ro\/ro\/wp-json\/wp\/v2\/users\/1"}],"replies":[{"embeddable":true,"href":"https:\/\/3la3.ro\/ro\/wp-json\/wp\/v2\/comments?post=7189"}],"version-history":[{"count":7,"href":"https:\/\/3la3.ro\/ro\/wp-json\/wp\/v2\/pages\/7189\/revisions"}],"predecessor-version":[{"id":7237,"href":"https:\/\/3la3.ro\/ro\/wp-json\/wp\/v2\/pages\/7189\/revisions\/7237"}],"wp:attachment":[{"href":"https:\/\/3la3.ro\/ro\/wp-json\/wp\/v2\/media?parent=7189"}],"curies":[{"name":"wp","href":"https:\/\/api.w.org\/{rel}","templated":true}]}}