{"id":7092,"date":"2024-07-03T12:12:50","date_gmt":"2024-07-03T09:12:50","guid":{"rendered":"https:\/\/3la3.ro\/ro\/?page_id=7092"},"modified":"2024-07-18T16:59:32","modified_gmt":"2024-07-18T13:59:32","slug":"bcr-sas2024-iasi","status":"publish","type":"page","link":"https:\/\/3la3.ro\/ro\/bcr-sas2024-iasi","title":{"rendered":"BCR #SAS2024 &#8211; Ia\u0219i"},"content":{"rendered":"<p><a href=\"https:\/\/3la3.ro\/ro\/bcr-sas2024-iasi\/header-3la3ro-6\" rel=\"attachment wp-att-7094\"><img loading=\"lazy\" decoding=\"async\" class=\"aligncenter size-full wp-image-7094\" src=\"https:\/\/3la3.ro\/ro\/wp-content\/uploads\/2024\/07\/header-3la3ro.png\" alt=\"\" width=\"728\" height=\"90\" srcset=\"https:\/\/3la3.ro\/ro\/wp-content\/uploads\/2024\/07\/header-3la3ro.png 728w, https:\/\/3la3.ro\/ro\/wp-content\/uploads\/2024\/07\/header-3la3ro-660x82.png 660w\" sizes=\"(max-width: 728px) 100vw, 728px\" \/><\/a><\/p>\n<p>Circuitul na\u021bional de baschet 3&#215;3 BCR Sport Arena Streetball va continua cu cea de-a patra etap\u0103, care va avea loc \u00een weekend-ul 19-21 iulie pe terenurile care vor fi amenajate \u00een parcarea Iulius Mall Ia\u0219i.<\/p>\n<p>Pentru validarea care se va efectua la zona de checkin de la eveniment, v\u0103 rug\u0103m s\u0103 desc\u0103rca\u021bi \u0219i s\u0103 completa\u021bi \u00een prealabil <a href=\"https:\/\/3la3.ro\/ro\/bcr-sas2024-iasi\/declaratie-sas-2024-t4-1\" rel=\"attachment wp-att-7132\">Declaratie SAS 2024 T4.<\/a><\/p>\n<p>Zona va fi dedicat\u0103 mi\u0219c\u0103rii \u0219i sportului \u00een aer liber \u0219i nu doar juc\u0103torii de baschet se vor putea distra \u00een acest weekend. \u00cen zona fanilor spectatorii vor putea participa la diverse jocuri tematice, \u00ee\u0219i vor putea testa abilit\u0103\u021bile fizice sau se vor putea duela pe un teren virtual \u00een zona de jocuri pe consol\u0103.\u00a0Vor fi concursuri cu premii pe \u00eentreg parcursul zilei, meciuri demonstrative cu invita\u021bi speciali, momente de entertainment \u0219i muzic\u0103 non-stop.<\/p>\n<p>Ziua de vineri va fi dedicat\u0103 \u00een totalitate fanilor, fiind permis accesul \u00een zona care le este dedicat\u0103 dar \u0219i pe terenurile de joc, urm\u00e2nd ca \u00een zilele de s\u00e2mb\u0103t\u0103 \u0219i duminic\u0103 s\u0103 se desf\u0103\u0219oare partidele din cadrul turneului.<\/p>\n<p>Turneul face parte din circuitul na\u021bional de baschet 3&#215;3 BCR Sport Arena Streetball Tour 2024 \u0219i este dedicat tuturor categoriilor de v\u00e2rst\u0103 astfel: U10 (mixt), U12, U14, U16, U18, U21, Open \u0219i +35, at\u00e2t la masculin c\u00e2t \u0219i la feminin.<\/p>\n<p><strong>Taxa de participare<\/strong><\/p>\n<p>Pentru acest turneu taxa de participare la eveniment este de 50 de euro \/ echip\u0103 Achitarea taxei se face de c\u0103tre un singur juc\u0103tor pentru toat\u0103 echipa, \u00een momentul \u00eenscrierii, prin accesarea butonului PayPal din modulul de \u00eenscriere play.fiba3x3. Plata se poate realiza cu orice tip de card bancar validat pentru pl\u0103\u021bi online. Nu este necesar\u0103 crearea unui cont de PayPal.<\/p>\n<p>Juc\u0103torii care nu de\u021bin \u00eenc\u0103 un maiou oficial de joc la BCR Sport Arena Streetball 2024 vor trebui s\u0103 \u00eel achizi\u021bioneze \u00een zona de check-in. Costul maioului este de 100 de lei. Maioul oficial de joc este obligatoriu pentru participarea la turneu.<\/p>\n<p><strong>\u00censcrieri<\/strong><\/p>\n<p>\u00censcrierile pentru acest turneu \u00eencep luni 15 iulie, ora 15.00, aici pe aceast\u0103 pagin\u0103 <strong>(vezi modulul mai jos)<\/strong>, \u0219i se vor face \u00een limita a 70 de echipe, cumulat, la toate categoriile sau p\u00e2n\u0103 miercuri, 17 iulie, ora 18.00.<\/p>\n<p>Programul meciurilor va fi afi\u0219at \u00een cursul zilei de joi, 18 iulie pe site-ul oficial 3la3.ro \u0219i va fi comunicat \u0219i pe conturile de social media ale Sport Arena Streetball.<\/p>\n<p><strong>Drumul c\u0103tre FINALA BCR Sport Arena Streetball 2024<\/strong><\/p>\n<p>BCR Sport Arena Streetball 2024 este un \u201cPlayers\u2019 Tour\u201d. Fiecare juc\u0103tor va acumula individual puncte \u00een clasament, \u00een func\u021bie de locul ocupat de echipa sa la finalul turneului. \u00cen baza clasamentului individual al juc\u0103torilor pe sezonul 2024, cei mai buni dintre ace\u0219tia vor fi eligibili pentru a-\u0219i crea propria echipa la FINALA BCR Sport Arena Streetball 2024, care va avea loc Bucure\u0219ti \u00een perioada 6-8 septembrie.<\/p>\n<p>Vor fi acordate premii in bani la categoriile Open Masculin \u0219i Open Feminin la fiecare etap\u0103 din circuit, iar la finala din luna septembrie vor fi acordate premii \u00een bani la toate categoriile de v\u00e2rst\u0103.<\/p>\n<p><script data-fiba-embedtype=\"registration\" data-fiba-eventid=\"3c96c224-d341-4e80-8caf-dd6bb5314a68\" src=\"https:\/\/play.fiba3x3.com\/embed.js\" sync><span data-mce-type=\"bookmark\" style=\"display: inline-block; width: 0px; overflow: hidden; line-height: 0;\" class=\"mce_SELRES_start\">\ufeff<\/span><\/script><\/p>\n","protected":false},"excerpt":{"rendered":"<p>Circuitul na\u021bional de baschet 3&#215;3 BCR Sport Arena Streetball va continua cu cea de-a patra etap\u0103, care va avea loc \u00een weekend-ul 19-21 iulie pe terenurile care vor fi amenajate \u00een parcarea Iulius Mall Ia\u0219i. Pentru validarea care se va efectua la zona de checkin de la eveniment, v\u0103 rug\u0103m s\u0103 desc\u0103rca\u021bi \u0219i s\u0103 completa\u021bi \u00een prealabil Declaratie SAS 2024 T4. Zona va fi dedicat\u0103 mi\u0219c\u0103rii \u0219i sportului \u00een aer liber \u0219i nu doar juc\u0103torii de baschet se vor putea distra \u00een acest weekend. \u00cen zona fanilor spectatorii vor putea&hellip;<\/p>\n","protected":false},"author":1,"featured_media":0,"parent":0,"menu_order":0,"comment_status":"closed","ping_status":"closed","template":"","meta":{"footnotes":""},"_links":{"self":[{"href":"https:\/\/3la3.ro\/ro\/wp-json\/wp\/v2\/pages\/7092"}],"collection":[{"href":"https:\/\/3la3.ro\/ro\/wp-json\/wp\/v2\/pages"}],"about":[{"href":"https:\/\/3la3.ro\/ro\/wp-json\/wp\/v2\/types\/page"}],"author":[{"embeddable":true,"href":"https:\/\/3la3.ro\/ro\/wp-json\/wp\/v2\/users\/1"}],"replies":[{"embeddable":true,"href":"https:\/\/3la3.ro\/ro\/wp-json\/wp\/v2\/comments?post=7092"}],"version-history":[{"count":7,"href":"https:\/\/3la3.ro\/ro\/wp-json\/wp\/v2\/pages\/7092\/revisions"}],"predecessor-version":[{"id":7134,"href":"https:\/\/3la3.ro\/ro\/wp-json\/wp\/v2\/pages\/7092\/revisions\/7134"}],"wp:attachment":[{"href":"https:\/\/3la3.ro\/ro\/wp-json\/wp\/v2\/media?parent=7092"}],"curies":[{"name":"wp","href":"https:\/\/api.w.org\/{rel}","templated":true}]}}