{"id":6995,"date":"2024-05-23T17:32:56","date_gmt":"2024-05-23T14:32:56","guid":{"rendered":"https:\/\/3la3.ro\/ro\/?page_id=6995"},"modified":"2024-05-31T13:06:40","modified_gmt":"2024-05-31T10:06:40","slug":"bcr-sas2024-brasov","status":"publish","type":"page","link":"https:\/\/3la3.ro\/ro\/bcr-sas2024-brasov","title":{"rendered":"BCR #SAS2024 &#8211; Bra\u0219ov"},"content":{"rendered":"<p><a href=\"https:\/\/3la3.ro\/ro\/bcr-sas2024-brasov\/header-sectiune\" rel=\"attachment wp-att-6997\"><img loading=\"lazy\" decoding=\"async\" class=\"aligncenter wp-image-6997 size-full\" src=\"https:\/\/3la3.ro\/ro\/wp-content\/uploads\/2024\/05\/header-SECTIUNE.png\" alt=\"\" width=\"728\" height=\"90\" srcset=\"https:\/\/3la3.ro\/ro\/wp-content\/uploads\/2024\/05\/header-SECTIUNE.png 728w, https:\/\/3la3.ro\/ro\/wp-content\/uploads\/2024\/05\/header-SECTIUNE-660x82.png 660w\" sizes=\"(max-width: 728px) 100vw, 728px\" \/><\/a><\/p>\n<p>Turneul face parte din circuitul de baschet 3&#215;3 <strong>BCR Sport Arena Streetball Tour 2024<\/strong> \u0219i este dedicat tuturor categoriilor de v\u00e2rst\u0103 astfel: U10 (mixt), U12, U14, U16, U18, U21, Open \u0219i +35, at\u00e2t la masculin c\u00e2t \u0219i la feminin.<\/p>\n<h4><a href=\"https:\/\/3la3.ro\/ro\/wp-content\/uploads\/2024\/05\/Declaratie-SAS-2024-Brasov.pdf\">DESCARCA DECLARATIA DE <strong>PARTICIPARE<\/strong>\u00a0<\/a><\/h4>\n<p>&nbsp;<\/p>\n<p><strong>Programul meciurilor<\/strong><\/p>\n<p>Programul meciurilor va fi afi\u0219at \u00een cursul zilei de joi, 30 mai pe site-ul oficial 3la3.ro \u0219i va fi comunicat \u0219i pe conturile de social media ale Sport Arena Streetball.<\/p>\n<p><strong>Activit\u0103\u021bi<\/strong><\/p>\n<p>Acest turneu va avea loc \u00een perioada 31 mai &#8211; 2 iunie, \u00een zona terenurilor de baschet de pe Aleea de Sub T\u00e2mpa, Bra\u0219ov. Ziua de vineri, 31 mai este dedicat\u0103 concursurilor \u0219i activ\u0103rilor din zona fanilor, iar terenurile vor fi disponibile \u0219i pentru antrenamente sau miu\u021be. Meciurile din competi\u021bie se vor juca \u00een zilele de s\u00e2mb\u0103t\u0103 \u0219i duminic\u0103.<\/p>\n<p><strong>Calificarea la turneul final<\/strong><\/p>\n<p>BCR Sport Arena Streetball 2024 este un \u201cPlayers\u2019 Tour\u201d. Fiecare juc\u0103tor va acumula individual puncte \u00een clasament, \u00een func\u021bie de locul ocupat de echipa sa la finalul turneului. \u00cen baza clasamentului individual al juc\u0103torilor pe sezonul 2024, cei mai buni dintre ace\u0219tia vor fi eligibili pentru a-\u0219i crea propria echipa la FINALA BCR Sport Arena Streetball 2024, care va avea loc Bucure\u0219ti \u00een perioada 6-8 septembrie.Vor fi acordate premii in bani la categoriile Open Masculin \u0219i Open Feminin la fiecare etap\u0103 din circuit, iar la finala din luna septembrie vor fi acordate premii \u00een bani la toate categoriile de v\u00e2rst\u0103.<\/p>\n<p><script data-fiba-embedtype=\"results\" data-fiba-eventid=\"95c1a256-0852-426f-b703-0f90a62d2c1e\" src=\"https:\/\/play.fiba3x3.com\/embed.js\" sync><\/script><\/p>\n","protected":false},"excerpt":{"rendered":"<p>Turneul face parte din circuitul de baschet 3&#215;3 BCR Sport Arena Streetball Tour 2024 \u0219i este dedicat tuturor categoriilor de v\u00e2rst\u0103 astfel: U10 (mixt), U12, U14, U16, U18, U21, Open \u0219i +35, at\u00e2t la masculin c\u00e2t \u0219i la feminin. DESCARCA DECLARATIA DE PARTICIPARE\u00a0 &nbsp; Programul meciurilor Programul meciurilor va fi afi\u0219at \u00een cursul zilei de joi, 30 mai pe site-ul oficial 3la3.ro \u0219i va fi comunicat \u0219i pe conturile de social media ale Sport Arena Streetball. Activit\u0103\u021bi Acest turneu va avea loc \u00een perioada 31 mai &#8211; 2 iunie, \u00een&hellip;<\/p>\n","protected":false},"author":1,"featured_media":0,"parent":0,"menu_order":0,"comment_status":"closed","ping_status":"closed","template":"","meta":{"footnotes":""},"_links":{"self":[{"href":"https:\/\/3la3.ro\/ro\/wp-json\/wp\/v2\/pages\/6995"}],"collection":[{"href":"https:\/\/3la3.ro\/ro\/wp-json\/wp\/v2\/pages"}],"about":[{"href":"https:\/\/3la3.ro\/ro\/wp-json\/wp\/v2\/types\/page"}],"author":[{"embeddable":true,"href":"https:\/\/3la3.ro\/ro\/wp-json\/wp\/v2\/users\/1"}],"replies":[{"embeddable":true,"href":"https:\/\/3la3.ro\/ro\/wp-json\/wp\/v2\/comments?post=6995"}],"version-history":[{"count":5,"href":"https:\/\/3la3.ro\/ro\/wp-json\/wp\/v2\/pages\/6995\/revisions"}],"predecessor-version":[{"id":7016,"href":"https:\/\/3la3.ro\/ro\/wp-json\/wp\/v2\/pages\/6995\/revisions\/7016"}],"wp:attachment":[{"href":"https:\/\/3la3.ro\/ro\/wp-json\/wp\/v2\/media?parent=6995"}],"curies":[{"name":"wp","href":"https:\/\/api.w.org\/{rel}","templated":true}]}}