{"id":6776,"date":"2023-08-22T17:23:04","date_gmt":"2023-08-22T14:23:04","guid":{"rendered":"https:\/\/3la3.ro\/ro\/?page_id=6776"},"modified":"2023-09-06T23:42:16","modified_gmt":"2023-09-06T20:42:16","slug":"sas2023-constanta-final","status":"publish","type":"page","link":"https:\/\/3la3.ro\/ro\/sas2023-constanta-final","title":{"rendered":"#SAS2023 Constan\u021ba FINAL"},"content":{"rendered":"<p><a href=\"https:\/\/3la3.ro\/ro\/sas2023-constanta-final\/finala-sas2023-1200-x-400-px\" rel=\"attachment wp-att-6811\"><img loading=\"lazy\" decoding=\"async\" class=\"aligncenter size-full wp-image-6811\" src=\"https:\/\/3la3.ro\/ro\/wp-content\/uploads\/2023\/08\/finala-sas2023-1200-\u00d7-400-px.png\" alt=\"\" width=\"1200\" height=\"400\" srcset=\"https:\/\/3la3.ro\/ro\/wp-content\/uploads\/2023\/08\/finala-sas2023-1200-\u00d7-400-px.png 1200w, https:\/\/3la3.ro\/ro\/wp-content\/uploads\/2023\/08\/finala-sas2023-1200-\u00d7-400-px-660x220.png 660w, https:\/\/3la3.ro\/ro\/wp-content\/uploads\/2023\/08\/finala-sas2023-1200-\u00d7-400-px-840x280.png 840w, https:\/\/3la3.ro\/ro\/wp-content\/uploads\/2023\/08\/finala-sas2023-1200-\u00d7-400-px-768x256.png 768w\" sizes=\"(max-width: 1200px) 100vw, 1200px\" \/><\/a><\/p>\n<p>Finala Sport Arena Streetball Tour 2023 va avea loc \u00een perioada 7-10 septembrie la Constan\u021ba, la City Park Mall. Evenimentul va \u00eencheia circuitul na\u021bional de baschet 3&#215;3 care \u00een acest an a ajuns la sezonul cu num\u0103rul 18.<\/p>\n<p>Meciurile se vor juca at\u00e2t \u00een arena care urmeaz\u0103 a fi amenajat\u0103 pentru FIBA 3&#215;3 World Tour la City Park Mall, c\u00e2t \u0219i pe cele dou\u0103 terenuri ce vor fi amenajate la Colegiul Na\u021bional Mihai Eminescu din Constan\u021ba.\u00a0<strong>Toate finalele se vor disputa la City Park Mall, \u00een arena amenajat\u0103 pentru FIBA 3&#215;3 World Tour.<\/strong><\/p>\n<p><script data-fiba-embedtype=\"results\" data-fiba-eventid=\"66f2694d-852c-448b-bb38-6c5d25ac1687\" src=\"https:\/\/play.fiba3x3.com\/embed.js\" sync><\/script><br \/>\n&nbsp;<\/p>\n<p>\u00cen perioada 9-10 septembrie, Constan\u021ba va g\u0103zdui prima etap\u0103 de circuit mondial profesionist masculin organizat\u0103 vreodat\u0103 \u00een Rom\u00e2nia. <a href=\"https:\/\/worldtour.fiba3x3.com\/2023\/constanta\" target=\"_blank\" rel=\"noopener\">Detalii despre eveniment pe site-ul oficial fiba3x3.com!<\/a><\/p>\n<p>&nbsp;<\/p>\n","protected":false},"excerpt":{"rendered":"<p>Finala Sport Arena Streetball Tour 2023 va avea loc \u00een perioada 7-10 septembrie la Constan\u021ba, la City Park Mall. Evenimentul va \u00eencheia circuitul na\u021bional de baschet 3&#215;3 care \u00een acest an a ajuns la sezonul cu num\u0103rul 18. Meciurile se vor juca at\u00e2t \u00een arena care urmeaz\u0103 a fi amenajat\u0103 pentru FIBA 3&#215;3 World Tour la City Park Mall, c\u00e2t \u0219i pe cele dou\u0103 terenuri ce vor fi amenajate la Colegiul Na\u021bional Mihai Eminescu din Constan\u021ba.\u00a0Toate finalele se vor disputa la City Park Mall, \u00een arena amenajat\u0103 pentru FIBA 3&#215;3&hellip;<\/p>\n","protected":false},"author":1,"featured_media":0,"parent":0,"menu_order":0,"comment_status":"closed","ping_status":"closed","template":"","meta":{"footnotes":""},"_links":{"self":[{"href":"https:\/\/3la3.ro\/ro\/wp-json\/wp\/v2\/pages\/6776"}],"collection":[{"href":"https:\/\/3la3.ro\/ro\/wp-json\/wp\/v2\/pages"}],"about":[{"href":"https:\/\/3la3.ro\/ro\/wp-json\/wp\/v2\/types\/page"}],"author":[{"embeddable":true,"href":"https:\/\/3la3.ro\/ro\/wp-json\/wp\/v2\/users\/1"}],"replies":[{"embeddable":true,"href":"https:\/\/3la3.ro\/ro\/wp-json\/wp\/v2\/comments?post=6776"}],"version-history":[{"count":7,"href":"https:\/\/3la3.ro\/ro\/wp-json\/wp\/v2\/pages\/6776\/revisions"}],"predecessor-version":[{"id":6830,"href":"https:\/\/3la3.ro\/ro\/wp-json\/wp\/v2\/pages\/6776\/revisions\/6830"}],"wp:attachment":[{"href":"https:\/\/3la3.ro\/ro\/wp-json\/wp\/v2\/media?parent=6776"}],"curies":[{"name":"wp","href":"https:\/\/api.w.org\/{rel}","templated":true}]}}