{"id":6727,"date":"2023-08-07T08:57:16","date_gmt":"2023-08-07T05:57:16","guid":{"rendered":"https:\/\/3la3.ro\/ro\/?page_id=6727"},"modified":"2023-08-18T09:50:33","modified_gmt":"2023-08-18T06:50:33","slug":"sas2023-timisoara","status":"publish","type":"page","link":"https:\/\/3la3.ro\/ro\/sas2023-timisoara","title":{"rendered":"#SAS2023 &#8211; Timi\u0219oara"},"content":{"rendered":"<p>Etapa a 5-a a circuitului na\u021bional de baschet 3&#215;3 Sport Arena Streetball 2023 va avea loc la Timi\u0219oara, la Iulius Town, \u00een perioada 19-20 august. 60 de echipe s-au \u00eenscris la acest eveniment, primul pe care Sport Arena Streetball \u00eel organizeaz\u0103 \u00een afara Capitalei dup\u0103 perioada pandemiei.<\/p>\n<p>Pe l\u00e2ng\u0103 partidele din cadrul turneului, Sport Arena Streetball va organiza concursuri individuale cu premii, iar l\u00e2ng\u0103 cele dou\u0103 terenuri pute\u021bi g\u0103si o zon\u0103 a fanilor 3&#215;3 cu mai multe jocuri tematice.<\/p>\n<p><strong>NU UITA\u021aI!<\/strong> \u00cen afara taxei de \u00eenscriere, juc\u0103torii care particip\u0103 pentru prima oar\u0103 \u00een acest sezon la turneele Sport Arena Streetball \u0219i nu de\u021bin un <strong>maiou oficial de joc<\/strong>, vor trebui s\u0103 \u00eel achizi\u021bioneze de la terenuri, \u00eenainte de primul meci din cadrul competi\u021biei, contra sumei de <strong>100 de lei<\/strong> (plat\u0103 cash sau cu cardul). Maioul oficial de joc este obligatoriu pentru participarea la turneu \u0219i trebuie purtat \u00een timpul meciurilor. <strong>DE ASEMENEA \u00eentr-o echip\u0103 nu pot exista doi juc\u0103tori care au acela\u0219i num\u0103r pe maioul oficial de joc!<\/strong><\/p>\n<p><strong>Calificarea la FINALA Sport Arena Streetball!\u00a0<\/strong>Clasamentele individuale (NU pe echipe) la fiecare categorie vor fi criteriul principal pentru calificarea la turneul final. Astfel, cei mai buni juc\u0103tori din clasament la fiecare categorie, \u00een urma punctelor acumulate de-a lungul sezonului, vor fi eligibili s\u0103 \u00ee\u0219i alc\u0103tuiasc\u0103 echipa preferat\u0103 pentru final\u0103, cu cel pu\u021bin 2 (doi) juc\u0103tori eligibili (califica\u021bi) \u0219i maxim 2 (doi) juc\u0103tori invita\u021bi (necalifica\u021bi). Num\u0103rul de juc\u0103tori eligibili (califica\u021bi) va fi diferit la fiecare categorie \u00een parte \u0219i va fi anun\u021bat imediat dup\u0103 \u00eencheierea Turneului 5.<\/p>\n<p><strong>PROGRAMUL COMPLET AL MECIURILOR<\/strong><\/p>\n<p><script data-fiba-embedtype=\"results\" data-fiba-eventid=\"34284770-b611-474d-9276-bff6a656fa87\" src=\"https:\/\/play.fiba3x3.com\/embed.js\" sync><\/script><\/p>\n","protected":false},"excerpt":{"rendered":"<p>Etapa a 5-a a circuitului na\u021bional de baschet 3&#215;3 Sport Arena Streetball 2023 va avea loc la Timi\u0219oara, la Iulius Town, \u00een perioada 19-20 august. 60 de echipe s-au \u00eenscris la acest eveniment, primul pe care Sport Arena Streetball \u00eel organizeaz\u0103 \u00een afara Capitalei dup\u0103 perioada pandemiei. Pe l\u00e2ng\u0103 partidele din cadrul turneului, Sport Arena Streetball va organiza concursuri individuale cu premii, iar l\u00e2ng\u0103 cele dou\u0103 terenuri pute\u021bi g\u0103si o zon\u0103 a fanilor 3&#215;3 cu mai multe jocuri tematice. NU UITA\u021aI! \u00cen afara taxei de \u00eenscriere, juc\u0103torii care particip\u0103 pentru&hellip;<\/p>\n","protected":false},"author":1,"featured_media":0,"parent":0,"menu_order":0,"comment_status":"closed","ping_status":"closed","template":"","meta":{"footnotes":""},"_links":{"self":[{"href":"https:\/\/3la3.ro\/ro\/wp-json\/wp\/v2\/pages\/6727"}],"collection":[{"href":"https:\/\/3la3.ro\/ro\/wp-json\/wp\/v2\/pages"}],"about":[{"href":"https:\/\/3la3.ro\/ro\/wp-json\/wp\/v2\/types\/page"}],"author":[{"embeddable":true,"href":"https:\/\/3la3.ro\/ro\/wp-json\/wp\/v2\/users\/1"}],"replies":[{"embeddable":true,"href":"https:\/\/3la3.ro\/ro\/wp-json\/wp\/v2\/comments?post=6727"}],"version-history":[{"count":5,"href":"https:\/\/3la3.ro\/ro\/wp-json\/wp\/v2\/pages\/6727\/revisions"}],"predecessor-version":[{"id":6754,"href":"https:\/\/3la3.ro\/ro\/wp-json\/wp\/v2\/pages\/6727\/revisions\/6754"}],"wp:attachment":[{"href":"https:\/\/3la3.ro\/ro\/wp-json\/wp\/v2\/media?parent=6727"}],"curies":[{"name":"wp","href":"https:\/\/api.w.org\/{rel}","templated":true}]}}