{"id":6613,"date":"2023-06-25T23:01:20","date_gmt":"2023-06-25T20:01:20","guid":{"rendered":"https:\/\/3la3.ro\/ro\/?page_id=6613"},"modified":"2023-06-30T15:22:34","modified_gmt":"2023-06-30T12:22:34","slug":"sas2023-turneul-3","status":"publish","type":"page","link":"https:\/\/3la3.ro\/ro\/sas2023-turneul-3","title":{"rendered":"#SAS2023: Turneul 3"},"content":{"rendered":"<p>Turneul 3 al Sport Arena Streetball Tour va avea loc \u00eentre 30 iunie \u0219i 2 iulie pe terenurile din baza sportiv\u0103 Poli Arena (Universitatea Politehnic\u0103 Bucure\u0219ti).<\/p>\n<p>La turneu s-au \u00eenscris \u00een total 153 de echipe, cumulat, la toate categoriile, un record pentru actualul sezon.<\/p>\n<p><strong>NU UITA\u021aI!<\/strong> juc\u0103torii care particip\u0103 pentru prima oar\u0103 \u00een acest sezon la turneele Sport Arena Streetball \u0219i nu de\u021bin un maiou oficial de joc, \u00eel vor putea achizi\u021biona la terenuri, \u00eenainte de primul meci din competi\u021biei, contra sumei de 100 de lei (plat\u0103 cash sau cu cardul). Maioul oficial de joc este obligatoriu pentru participarea la turneu \u0219i trebuie purtat \u00een timpul meciurilor.<\/p>\n<p>Obligatoriu de printat \u0219i completat de c\u0103tre to\u021bi juc\u0103torii pentru validarea de la turneu &#8211; <a href=\"https:\/\/3la3.ro\/ro\/sas2023-turneul-3\/declaratie-jucatori-turneu-3-minori\" rel=\"attachment wp-att-6642\">Declaratie jucatori TURNEU 3 +minori<\/a>.<\/p>\n<p>Programul meciurilor este afi\u0219at mai jos:<\/p>\n<p><script data-fiba-embedtype=\"results\" data-fiba-eventid=\"093df4f5-fe21-4b0b-83e5-2be7565c556e\" src=\"https:\/\/play.fiba3x3.com\/embed.js\" sync><\/script><\/p>\n","protected":false},"excerpt":{"rendered":"<p>Turneul 3 al Sport Arena Streetball Tour va avea loc \u00eentre 30 iunie \u0219i 2 iulie pe terenurile din baza sportiv\u0103 Poli Arena (Universitatea Politehnic\u0103 Bucure\u0219ti). La turneu s-au \u00eenscris \u00een total 153 de echipe, cumulat, la toate categoriile, un record pentru actualul sezon. NU UITA\u021aI! juc\u0103torii care particip\u0103 pentru prima oar\u0103 \u00een acest sezon la turneele Sport Arena Streetball \u0219i nu de\u021bin un maiou oficial de joc, \u00eel vor putea achizi\u021biona la terenuri, \u00eenainte de primul meci din competi\u021biei, contra sumei de 100 de lei (plat\u0103 cash sau cu&hellip;<\/p>\n","protected":false},"author":1,"featured_media":0,"parent":0,"menu_order":0,"comment_status":"closed","ping_status":"closed","template":"","meta":{"footnotes":""},"_links":{"self":[{"href":"https:\/\/3la3.ro\/ro\/wp-json\/wp\/v2\/pages\/6613"}],"collection":[{"href":"https:\/\/3la3.ro\/ro\/wp-json\/wp\/v2\/pages"}],"about":[{"href":"https:\/\/3la3.ro\/ro\/wp-json\/wp\/v2\/types\/page"}],"author":[{"embeddable":true,"href":"https:\/\/3la3.ro\/ro\/wp-json\/wp\/v2\/users\/1"}],"replies":[{"embeddable":true,"href":"https:\/\/3la3.ro\/ro\/wp-json\/wp\/v2\/comments?post=6613"}],"version-history":[{"count":7,"href":"https:\/\/3la3.ro\/ro\/wp-json\/wp\/v2\/pages\/6613\/revisions"}],"predecessor-version":[{"id":6643,"href":"https:\/\/3la3.ro\/ro\/wp-json\/wp\/v2\/pages\/6613\/revisions\/6643"}],"wp:attachment":[{"href":"https:\/\/3la3.ro\/ro\/wp-json\/wp\/v2\/media?parent=6613"}],"curies":[{"name":"wp","href":"https:\/\/api.w.org\/{rel}","templated":true}]}}