{"id":6517,"date":"2023-05-08T09:20:47","date_gmt":"2023-05-08T06:20:47","guid":{"rendered":"https:\/\/3la3.ro\/ro\/?page_id=6517"},"modified":"2023-05-11T13:52:17","modified_gmt":"2023-05-11T10:52:17","slug":"sas2023-turneul-1","status":"publish","type":"page","link":"https:\/\/3la3.ro\/ro\/sas2023-turneul-1","title":{"rendered":"#SAS2023 &#8211; Turneul 1"},"content":{"rendered":"<p>Sezonul 2023 al circuitului de baschet 3&#215;3 Sport Arena Streetball va debuta \u00een perioada 12-14 mai cu turneul ce va avea loc la baza sportiv\u0103 Poli Arena, din Universitatea Politehnic\u0103 Bucure\u0219ti.<\/p>\n<p>Competi\u021bia care a definit modul \u00een care se joac\u0103 baschet 3&#215;3 nu doar \u00een Rom\u00e2nia ci \u0219i la nivel global a ajuns la sezonul cu num\u0103rul 18. Singurul an, dup\u0103 debutul din 2005, \u00een care Sport Arena Streetball nu s-a desf\u0103\u0219urat a fost 2020, \u00een condi\u021biile pandemiei de Covid19.<\/p>\n<p>G\u0103si\u021bi mai jos programul complet al primului turneu!<\/p>\n<p><a href=\"https:\/\/3la3.ro\/ro\/wp-content\/uploads\/2023\/05\/Declaratie-jucatori_2023.pdf\" target=\"_blank\" rel=\"noopener\"><strong><span style=\"text-decoration: underline;\">DOWNLOAD DECLARA\u021aIE JUC\u0102TORI (DISCLAIMER)<\/span><\/strong><\/a><strong> &#8211; Obligatoriu de printat \u0219i completat de c\u0103tre to\u021bi juc\u0103torii pentru validarea de la turneu (Taxa pentru print la fa\u021ba locului: 1 leu).\u00a0<\/strong><\/p>\n<p><script data-fiba-embedtype=\"results\" data-fiba-eventid=\"5b8cea88-3cc9-47b7-a535-01b100827eda\" src=\"https:\/\/play.fiba3x3.com\/embed.js\" sync><\/script><\/p>\n","protected":false},"excerpt":{"rendered":"<p>Sezonul 2023 al circuitului de baschet 3&#215;3 Sport Arena Streetball va debuta \u00een perioada 12-14 mai cu turneul ce va avea loc la baza sportiv\u0103 Poli Arena, din Universitatea Politehnic\u0103 Bucure\u0219ti. Competi\u021bia care a definit modul \u00een care se joac\u0103 baschet 3&#215;3 nu doar \u00een Rom\u00e2nia ci \u0219i la nivel global a ajuns la sezonul cu num\u0103rul 18. Singurul an, dup\u0103 debutul din 2005, \u00een care Sport Arena Streetball nu s-a desf\u0103\u0219urat a fost 2020, \u00een condi\u021biile pandemiei de Covid19. G\u0103si\u021bi mai jos programul complet al primului turneu! DOWNLOAD DECLARA\u021aIE&hellip;<\/p>\n","protected":false},"author":1,"featured_media":0,"parent":0,"menu_order":0,"comment_status":"closed","ping_status":"closed","template":"","meta":{"footnotes":""},"_links":{"self":[{"href":"https:\/\/3la3.ro\/ro\/wp-json\/wp\/v2\/pages\/6517"}],"collection":[{"href":"https:\/\/3la3.ro\/ro\/wp-json\/wp\/v2\/pages"}],"about":[{"href":"https:\/\/3la3.ro\/ro\/wp-json\/wp\/v2\/types\/page"}],"author":[{"embeddable":true,"href":"https:\/\/3la3.ro\/ro\/wp-json\/wp\/v2\/users\/1"}],"replies":[{"embeddable":true,"href":"https:\/\/3la3.ro\/ro\/wp-json\/wp\/v2\/comments?post=6517"}],"version-history":[{"count":7,"href":"https:\/\/3la3.ro\/ro\/wp-json\/wp\/v2\/pages\/6517\/revisions"}],"predecessor-version":[{"id":6534,"href":"https:\/\/3la3.ro\/ro\/wp-json\/wp\/v2\/pages\/6517\/revisions\/6534"}],"wp:attachment":[{"href":"https:\/\/3la3.ro\/ro\/wp-json\/wp\/v2\/media?parent=6517"}],"curies":[{"name":"wp","href":"https:\/\/api.w.org\/{rel}","templated":true}]}}