{"id":6221,"date":"2022-08-05T20:41:15","date_gmt":"2022-08-05T17:41:15","guid":{"rendered":"https:\/\/3la3.ro\/ro\/?page_id=6221"},"modified":"2022-08-05T21:01:19","modified_gmt":"2022-08-05T18:01:19","slug":"sas2022-turneul-4","status":"publish","type":"page","link":"https:\/\/3la3.ro\/ro\/sas2022-turneul-4","title":{"rendered":"#SAS2022: Turneul 4"},"content":{"rendered":"<style>\/*! elementor - v3.6.5 - 27-04-2022 *\/\n.elementor-widget-image{text-align:center}.elementor-widget-image a{display:inline-block}.elementor-widget-image a img[src$=\".svg\"]{width:48px}.elementor-widget-image img{vertical-align:middle;display:inline-block}<\/style>\n<p>\t\t\t\t\t\t\t\t\t\t\t\t<img decoding=\"async\" width=\"640\" height=\"324\" src=\"https:\/\/3la3.ro\/ro\/wp-content\/uploads\/2022\/08\/logo-ACS-840x425.png\" alt=\"\" loading=\"lazy\" srcset=\"https:\/\/3la3.ro\/ro\/wp-content\/uploads\/2022\/08\/logo-ACS-840x425.png 840w, https:\/\/3la3.ro\/ro\/wp-content\/uploads\/2022\/08\/logo-ACS-660x334.png 660w, https:\/\/3la3.ro\/ro\/wp-content\/uploads\/2022\/08\/logo-ACS-768x389.png 768w, https:\/\/3la3.ro\/ro\/wp-content\/uploads\/2022\/08\/logo-ACS-1536x777.png 1536w, https:\/\/3la3.ro\/ro\/wp-content\/uploads\/2022\/08\/logo-ACS.png 1782w\" sizes=\"(max-width: 640px) 100vw, 640px\" \/><br \/>\n\t\t\t\t\t\t\t\t\t\t\t\t\t\t\t<img decoding=\"async\" width=\"640\" height=\"300\" src=\"https:\/\/3la3.ro\/ro\/wp-content\/uploads\/2022\/08\/Logo-PS6@4x-840x394.png\" alt=\"\" loading=\"lazy\" srcset=\"https:\/\/3la3.ro\/ro\/wp-content\/uploads\/2022\/08\/Logo-PS6@4x-840x394.png 840w, https:\/\/3la3.ro\/ro\/wp-content\/uploads\/2022\/08\/Logo-PS6@4x-660x310.png 660w, https:\/\/3la3.ro\/ro\/wp-content\/uploads\/2022\/08\/Logo-PS6@4x-768x360.png 768w, https:\/\/3la3.ro\/ro\/wp-content\/uploads\/2022\/08\/Logo-PS6@4x-1536x721.png 1536w, https:\/\/3la3.ro\/ro\/wp-content\/uploads\/2022\/08\/Logo-PS6@4x.png 1824w\" sizes=\"(max-width: 640px) 100vw, 640px\" \/>\t\t\t\t\t\t\t\t\t\t\t\t\t\t\t<\/p>\n<style>\/*! elementor - v3.6.5 - 27-04-2022 *\/\n.elementor-heading-title{padding:0;margin:0;line-height:1}.elementor-widget-heading .elementor-heading-title[class*=elementor-size-]>a{color:inherit;font-size:inherit;line-height:inherit}.elementor-widget-heading .elementor-heading-title.elementor-size-small{font-size:15px}.elementor-widget-heading .elementor-heading-title.elementor-size-medium{font-size:19px}.elementor-widget-heading .elementor-heading-title.elementor-size-large{font-size:29px}.elementor-widget-heading .elementor-heading-title.elementor-size-xl{font-size:39px}.elementor-widget-heading .elementor-heading-title.elementor-size-xxl{font-size:59px}<\/style>\n<h4>Turneul 4 &#8211; Sport Arena Streetball 2022<\/h4>\n<p>Turneul 4 din circuitul de baschet 3&#215;3 Sport Arena Streetball va avea loc \u00een perioada 12-14 august. Evenimentul este co-finan\u021bat de c\u0103tre Prim\u0103ria Sectorului 6 al Municipiului Bucure\u0219ti \u00een cadrul programului Sport \u0219i S\u0103n\u0103tate 2022<\/p>\n<p>\u00censcrierile se fac aici, pe site-ul oficial, 3la3.ro, \u00eencep\u00e2nd de luni, 8 august, ora 15.00, \u00een limita a 120 de echipe sau p\u00e2n\u0103 miercuri 10 august.<\/p>\n<p>Taxa pentru \u00eentreg sezonul 2022 este \u00een valoare de 150 de lei pentru fiecare juc\u0103tor. Aceasta se achit\u0103 o singur\u0103 dat\u0103, la prima \u00eenscriere, \u0219i include kit-ul de participare: maioul oficial de joc, care este obligatoriu pe tot parcursul sezonului, precum \u0219i produse oferite de c\u0103tre partenerii competi\u021biei.<\/p>\n<p>\u00cen cazul echipelor care con\u021bin \u00een \u00eentregime juc\u0103tor ce evolueaz\u0103 pentru prima oar\u0103 \u00een acest sezon, taxa se achit\u0103 PER ECHIP\u0102, de c\u0103tre un singur membru, men\u021bion\u00e2nd NUMELE ECHIPEI la detalii de plat\u0103.<\/p>\n<p>Plata se face \u00een contul RO88 OTPV \u202a0000 0000 0063 5606, destinatar ACS Sport Promotion. Nu se accept\u0103 alte metode de plat\u0103 dec\u00e2t transfer bancar!\u202c \u00cen cazul \u00een care un juc\u0103tor se al\u0103tur\u0103 unei echipe alc\u0103tuite din participan\u021bi care au mai evoluat \u00een acest sezon, atunci el va achita taxa individual, 150 de lei, men\u021bion\u00e2nd de asemenea numele echipei \u00een detaliile de plat\u0103.<\/p>\n<p>Doar juc\u0103torii care au confirmat plata p\u00e2n\u0103 la termenul limit\u0103 al \u00eenscrierilor, preciz\u00e2nd la detalii de plat\u0103 numele echipei, vor putea lua parte la competi\u021bie.<\/p>\n<p>Confirm\u0103rile de plat\u0103 se pot trimite la adresa: play@sportarena.ro sau pe whatsapp la 0747459548<\/p>\n<p>Fiecare juc\u0103tor trebuie s\u0103 aib\u0103 un cont valid pe platforma play.fiba3x3.com.<\/p>\n<h6><a href=\"http:\/\/www.primarie6.ro\" target=\"_blank\" rel=\"noopener\">Con\u0163inutul acestui website nu reprezint\u0103 \u00een mod necesar pozi\u0163ia oficial\u0103 a Prim\u0103riei Sectorului 6 al Muncipiului Bucure\u0219ti . Pentru informa\u021bii detaliate despre programul de finan\u021bare al Prim\u0103riei Sectorului 6 al Municipiului Bucure\u0219ti, pute\u021bi accesa www.primarie6.ro<\/a><\/h6>\n","protected":false},"excerpt":{"rendered":"<p>Turneul 4 &#8211; Sport Arena Streetball 2022 Turneul 4 din circuitul de baschet 3&#215;3 Sport Arena Streetball va avea loc \u00een perioada 12-14 august. Evenimentul este co-finan\u021bat de c\u0103tre Prim\u0103ria Sectorului 6 al Municipiului Bucure\u0219ti \u00een cadrul programului Sport \u0219i S\u0103n\u0103tate 2022 \u00censcrierile se fac aici, pe site-ul oficial, 3la3.ro, \u00eencep\u00e2nd de luni, 8 august, ora 15.00, \u00een limita a 120 de echipe sau p\u00e2n\u0103 miercuri 10 august. Taxa pentru \u00eentreg sezonul 2022 este \u00een valoare de 150 de lei pentru fiecare juc\u0103tor. Aceasta se achit\u0103 o singur\u0103 dat\u0103, la&hellip;<\/p>\n","protected":false},"author":1,"featured_media":0,"parent":0,"menu_order":0,"comment_status":"closed","ping_status":"closed","template":"","meta":{"footnotes":""},"_links":{"self":[{"href":"https:\/\/3la3.ro\/ro\/wp-json\/wp\/v2\/pages\/6221"}],"collection":[{"href":"https:\/\/3la3.ro\/ro\/wp-json\/wp\/v2\/pages"}],"about":[{"href":"https:\/\/3la3.ro\/ro\/wp-json\/wp\/v2\/types\/page"}],"author":[{"embeddable":true,"href":"https:\/\/3la3.ro\/ro\/wp-json\/wp\/v2\/users\/1"}],"replies":[{"embeddable":true,"href":"https:\/\/3la3.ro\/ro\/wp-json\/wp\/v2\/comments?post=6221"}],"version-history":[{"count":6,"href":"https:\/\/3la3.ro\/ro\/wp-json\/wp\/v2\/pages\/6221\/revisions"}],"predecessor-version":[{"id":6230,"href":"https:\/\/3la3.ro\/ro\/wp-json\/wp\/v2\/pages\/6221\/revisions\/6230"}],"wp:attachment":[{"href":"https:\/\/3la3.ro\/ro\/wp-json\/wp\/v2\/media?parent=6221"}],"curies":[{"name":"wp","href":"https:\/\/api.w.org\/{rel}","templated":true}]}}