{"id":6084,"date":"2022-06-06T09:38:04","date_gmt":"2022-06-06T06:38:04","guid":{"rendered":"https:\/\/3la3.ro\/ro\/?page_id=6084"},"modified":"2022-06-09T16:42:39","modified_gmt":"2022-06-09T13:42:39","slug":"sas2022-turneul-2","status":"publish","type":"page","link":"https:\/\/3la3.ro\/ro\/sas2022-turneul-2","title":{"rendered":"#SAS2022: Turneul 2"},"content":{"rendered":"<p>Turneul 2 Sport Arena Streetball din 2022 se va disputa \u00eentre 10 \u0219i 12 iunie, pe terenurile din Universitatea Politehnic\u0103 Bucure\u0219ti, \u00een baza sportiv\u0103 Poli Arena.<\/p>\n<p>La turneu au fost acceptate 142 de echipe, \u00een total, la toate categoriile de v\u00e2rst\u0103.<\/p>\n<p>\u00cen caz de condi\u021bii meteo nefavorabile, meciurile se disput\u0103 \u00een sala de sport de la Poli Arena, de l\u00e2ng\u0103 terenuri. Este posibil ca \u00een cazul modific\u0103rii condi\u021biilor meteo, programul s\u0103 sufere unele modific\u0103ri, drept pentru care v\u0103 rug\u0103m s\u0103 \u00eel consulta\u021bi \u00een permanen\u021b\u0103. Orice schimbare va fi anun\u021bat\u0103 \u0219i pe canalele noastre social media: Facebook \u0219i Instagram.<\/p>\n<p>&nbsp;<br \/>\n<script data-fiba-embedtype=\"results\" data-fiba-eventid=\"6e7ce61c-aefd-4eb5-ad29-38e0c3d9b62c\" src=\"https:\/\/play.fiba3x3.com\/embed.js\" sync><\/script><\/p>\n","protected":false},"excerpt":{"rendered":"<p>Turneul 2 Sport Arena Streetball din 2022 se va disputa \u00eentre 10 \u0219i 12 iunie, pe terenurile din Universitatea Politehnic\u0103 Bucure\u0219ti, \u00een baza sportiv\u0103 Poli Arena. La turneu au fost acceptate 142 de echipe, \u00een total, la toate categoriile de v\u00e2rst\u0103. \u00cen caz de condi\u021bii meteo nefavorabile, meciurile se disput\u0103 \u00een sala de sport de la Poli Arena, de l\u00e2ng\u0103 terenuri. Este posibil ca \u00een cazul modific\u0103rii condi\u021biilor meteo, programul s\u0103 sufere unele modific\u0103ri, drept pentru care v\u0103 rug\u0103m s\u0103 \u00eel consulta\u021bi \u00een permanen\u021b\u0103. Orice schimbare va fi anun\u021bat\u0103 \u0219i&hellip;<\/p>\n","protected":false},"author":1,"featured_media":0,"parent":0,"menu_order":0,"comment_status":"closed","ping_status":"closed","template":"","meta":{"footnotes":""},"_links":{"self":[{"href":"https:\/\/3la3.ro\/ro\/wp-json\/wp\/v2\/pages\/6084"}],"collection":[{"href":"https:\/\/3la3.ro\/ro\/wp-json\/wp\/v2\/pages"}],"about":[{"href":"https:\/\/3la3.ro\/ro\/wp-json\/wp\/v2\/types\/page"}],"author":[{"embeddable":true,"href":"https:\/\/3la3.ro\/ro\/wp-json\/wp\/v2\/users\/1"}],"replies":[{"embeddable":true,"href":"https:\/\/3la3.ro\/ro\/wp-json\/wp\/v2\/comments?post=6084"}],"version-history":[{"count":3,"href":"https:\/\/3la3.ro\/ro\/wp-json\/wp\/v2\/pages\/6084\/revisions"}],"predecessor-version":[{"id":6109,"href":"https:\/\/3la3.ro\/ro\/wp-json\/wp\/v2\/pages\/6084\/revisions\/6109"}],"wp:attachment":[{"href":"https:\/\/3la3.ro\/ro\/wp-json\/wp\/v2\/media?parent=6084"}],"curies":[{"name":"wp","href":"https:\/\/api.w.org\/{rel}","templated":true}]}}