{"id":5710,"date":"2021-07-19T10:46:01","date_gmt":"2021-07-19T07:46:01","guid":{"rendered":"https:\/\/3la3.ro\/ro\/?page_id=5710"},"modified":"2021-11-20T11:20:55","modified_gmt":"2021-11-20T09:20:55","slug":"score","status":"publish","type":"page","link":"https:\/\/3la3.ro\/ro\/score","title":{"rendered":"SCORE"},"content":{"rendered":"<p><img decoding=\"async\" src=\"https:\/\/3la3.ro\/ro\/wp-content\/uploads\/elementor\/thumbs\/instare-color@4x-pac5my2bmkdvlxyxbyi2gobfu9gdxw1zlgw39u2qw6.png\" title=\"instare color@4x\" alt=\"instare color@4x\" \/><br \/>\n\t\t\t\t\t\t\t\t\t\t\t\t\t\t\t<img decoding=\"async\" width=\"500\" height=\"280\" src=\"https:\/\/3la3.ro\/ro\/wp-content\/uploads\/2021\/07\/SCORE-PNG-mic-500x280.png\" alt=\"\" loading=\"lazy\" \/><br \/>\n\t\t\t\t\t\t\t\t\t\t\t\t\t\t\t<img decoding=\"async\" src=\"https:\/\/3la3.ro\/ro\/wp-content\/uploads\/elementor\/thumbs\/sigla-semnatura-nut5775040jnnv6eyuexud32bxe49vkxgaxxr4szzy.jpg\" title=\"sigla semnatura\" alt=\"sigla semnatura\" \/>\t\t\t\t\t\t\t\t\t\t\t\t\t\t\t<\/p>\n<h2>Proiect derulat de ACS Sport Promotion \u0219i<br \/>\nfinan\u021bat prin programul \u201e\u00cen stare de bine\u201d, sus\u021binut de Kaufland Rom\u00e2nia \u0219i implementat de Funda\u021bia pentru Dezvoltarea Societ\u0103\u021bii Civile<\/h2>\n<p>\t\t<a href=\"https:\/\/3la3.ro\/ro\/wp-content\/uploads\/2021\/11\/BASCHET-3x3-Manual-Score_compressed.pdf\" target=\"_blank\" rel=\"noopener\"><br \/>\n\t\t\t\t\tDescarc\u0103 manualul &#8222;Baschet 3&#215;3&#8221;<br \/>\n\t\t\t\t\t\t\t\t<\/a><br \/>\n\t\t<a href=\"https:\/\/3la3.ro\/ro\/wp-content\/uploads\/2021\/11\/Draft-final-v2-1-1.pdf\" target=\"_blank\" rel=\"noopener\"><br \/>\n\t\t\t\t\tCum s\u0103 facem sport zilnic<br \/>\n\t\t\t\t\t\t\t\t<\/a><\/p>\n<figure><img decoding=\"async\" src=\"https:\/\/3la3.ro\/ro\/wp-content\/uploads\/2021\/07\/Copy-of-poster-score-500x280.png\" alt=\"Copy of poster score\" \/><\/figure>\n<figure><img decoding=\"async\" src=\"https:\/\/3la3.ro\/ro\/wp-content\/uploads\/2021\/07\/Copy-of-Copy-of-poster-score-1-500x280.png\" alt=\"Copy of Copy of poster score (1)\" \/><\/figure>\n<figure><img decoding=\"async\" src=\"https:\/\/3la3.ro\/ro\/wp-content\/uploads\/2021\/07\/Copy-of-Copy-of-poster-score-2-500x280.png\" alt=\"Copy of Copy of poster score (2)\" \/><\/figure>\n<figure><img decoding=\"async\" src=\"https:\/\/3la3.ro\/ro\/wp-content\/uploads\/2021\/07\/Copy-of-Copy-of-poster-score-500x280.png\" alt=\"Copy of Copy of poster score\" \/><\/figure>\n<p>\t\t\t\t\t\tAnterioar\u0103<br \/>\n\t\t\t\t\t\tUrm\u0103toare<br \/>\n\t\t\t\t\t\t\t<img decoding=\"async\" width=\"1920\" height=\"1080\" src=\"https:\/\/3la3.ro\/ro\/wp-content\/uploads\/2021\/11\/Copy-of-Copy-of-poster-score-4.png\" alt=\"\" loading=\"lazy\" \/><br \/>\n\t\t\t\t\t\t\t\t<a href=\"https:\/\/3la3.ro\/ro\/copiii-din-proiectul-score-incurajati-de-nationala-romaniei-si-oficialitati-fiba_5866.html\" target=\"_blank\" rel=\"noopener\"><\/a><\/p>\n<h2>\n\t\t\t<a href=\"https:\/\/3la3.ro\/ro\/copiii-din-proiectul-score-incurajati-de-nationala-romaniei-si-oficialitati-fiba_5866.html\" target=\"_blank\" rel=\"noopener\"><br \/>\n\t\t\t\tCopiii din proiectul SCORE \u00eencuraja\u021bi de na\u021bionala Rom\u00e2niei \u0219i oficialit\u0103\u021bi FIBA\t\t\t<\/a><br \/>\n\t\t<\/h2>\n<p>\t\t\t\t\t<a href=\"https:\/\/3la3.ro\/ro\/author\/admin\" title=\"Articole de admin\" rel=\"author\">admin<\/a><br \/>\n\t\t\t\t\t\t\t\u2022<br \/>\n\t\t\t\t\t23 septembrie 2021<br \/>\n\t\t\t\t\t\t\t\u2022<br \/>\n\t\t\t\t\t<a href=\"https:\/\/3la3.ro\/ro\/category\/score\" rel=\"category tag\">SCORE<\/a>, <a href=\"https:\/\/3la3.ro\/ro\/category\/slider\" rel=\"category tag\">Slider<\/a>, <a href=\"https:\/\/3la3.ro\/ro\/category\/stiri\" rel=\"category tag\">Stiri<\/a>\t\t\t\t<\/p>\n<p>Peste 60 de copii din centrele sociale din Bucure\u0219ti au avut ocazia weekend-ul trecut s\u0103 evolueze \u00eentr-un turneu de baschet 3&#215;3 la<\/p>\n<p><a href=\"https:\/\/3la3.ro\/ro\/copiii-din-proiectul-score-incurajati-de-nationala-romaniei-si-oficialitati-fiba_5866.html\" target=\"_blank\" rel=\"noopener\">Cite\u0219te mai mult \u00bb<\/a><br \/>\n\t\t\t\t\t\t\t<img decoding=\"async\" width=\"1920\" height=\"1080\" src=\"https:\/\/3la3.ro\/ro\/wp-content\/uploads\/2021\/11\/Copy-of-Copy-of-poster-score-2.png\" alt=\"\" loading=\"lazy\" \/><br \/>\n\t\t\t\t\t\t\t\t<a href=\"https:\/\/3la3.ro\/ro\/despre-baschet-si-viata-cu-denisa-si-ana-voluntare-in-cadrul-proiectului-score_5761.html\" target=\"_blank\" rel=\"noopener\"><\/a><\/p>\n<h2>\n\t\t\t<a href=\"https:\/\/3la3.ro\/ro\/despre-baschet-si-viata-cu-denisa-si-ana-voluntare-in-cadrul-proiectului-score_5761.html\" target=\"_blank\" rel=\"noopener\"><br \/>\n\t\t\t\tDespre baschet \u0219i via\u021b\u0103 cu Denisa \u0219i Ana, voluntare \u00een cadrul proiectului SCORE\t\t\t<\/a><br \/>\n\t\t<\/h2>\n<p>\t\t\t\t\t<a href=\"https:\/\/3la3.ro\/ro\/author\/admin\" title=\"Articole de admin\" rel=\"author\">admin<\/a><br \/>\n\t\t\t\t\t\t\t\u2022<br \/>\n\t\t\t\t\t29 iulie 2021<br \/>\n\t\t\t\t\t\t\t\u2022<br \/>\n\t\t\t\t\t<a href=\"https:\/\/3la3.ro\/ro\/category\/score\" rel=\"category tag\">SCORE<\/a>, <a href=\"https:\/\/3la3.ro\/ro\/category\/slider\" rel=\"category tag\">Slider<\/a>, <a href=\"https:\/\/3la3.ro\/ro\/category\/stiri\" rel=\"category tag\">Stiri<\/a>\t\t\t\t<\/p>\n<p>Denisa Tudor \u0219i Ana Stoenescu fac voluntariat \u00een proiectul SCORE: Sportul \u00een Comunitate \u2013 Onoare, Respect, Educa\u021bie, care face parte din programul<\/p>\n<p><a href=\"https:\/\/3la3.ro\/ro\/despre-baschet-si-viata-cu-denisa-si-ana-voluntare-in-cadrul-proiectului-score_5761.html\" target=\"_blank\" rel=\"noopener\">Cite\u0219te mai mult \u00bb<\/a>\t\t\t\t\t\t\t\t\t\t\t<\/p>\n<h2>DESPRE PROIECT<\/h2>\n<h2>OBIECTIVE<\/h2>\n<p style=\"margin-bottom: 0cm; line-height: normal;\">Proiectul SCORE consta intr-un program de 9 saptamani de dezvoltare prin sport, in cadrul caruia se vor desfasura diverse activitati de invatare si integrare in comportamentul beneficiarilor a valorilor olimpice (incluziune, echitate, respect) prin varii activitati sportive \u2013 miscare fizica zilnica si baschet 3&#215;3.\u00a0<\/p>\n<p style=\"margin-bottom: 0cm; line-height: normal;\">Totodata, beneficiarii vor avea oportunitatea de a etala cele invatate in cadrul unui turneu inter-centre, organizat la cele mai inalte standarde Sport Arena Streetball, recunoscute la nivel mondial.\u00a0<\/p>\n<p style=\"margin-bottom: 0cm; line-height: normal;\">Mai mult, copiii vor avea ocazia de a face cunostinta si a lua interviuri romanilor participanti la Jocurile Olimpice, romani pe care, ulterior, ii vor vedea in actiune, in cadrul unei campanii de vizionare a debutului baschetului 3&#215;3 la Jocurile Olimpice, si respectiv a Nationalei Feminine de Baschet 3&#215;3 a Romaniei.<\/p>\n<p style=\"margin-bottom: 0cm; line-height: normal;\">Simultan, proiectul va initia si forma 10 coordonatori de activitate sportiva, care ulterior, vor fi propusi cluburilor colaboratoare, dar si cooptati in organizare turneelor Sport Arena Streetball, promoterul numarul 1 mondial al baschetului 3&#215;3.<\/p>\n<p style=\"margin-bottom: 0cm; mso-add-space: auto; text-indent: -18.0pt; line-height: normal; mso-list: l0 level1 lfo1;\"><!-- [if !supportLists]-->1.\u00a0\u00a0\u00a0\u00a0\u00a0\u00a0Organizarea a 6 sesiuni de antrenamente x 2h\/centru, avand ca scop insuflarea valorilor olimpice (respect, echitate, incluziune), prin diverse activitati fizice si baschetul 3&#215;3;<\/p>\n<p style=\"margin-bottom: 0cm; mso-add-space: auto; text-indent: -18.0pt; line-height: normal; mso-list: l0 level1 lfo1;\"><!-- [if !supportLists]-->2.\u00a0\u00a0\u00a0\u00a0\u00a0\u00a0Formarea a 2 coordonatori de activitate\/centru, in vederea recunoasterii si dezvoltarii fortelor lor de leadership, si pentru a asigura continuitatea proiectului;<\/p>\n<p style=\"margin-bottom: 0cm; mso-add-space: auto; text-indent: -18.0pt; line-height: normal; mso-list: l0 level1 lfo1;\"><!-- [if !supportLists]-->3.\u00a0\u00a0\u00a0\u00a0\u00a0\u00a0Organizarea a 2 turnee de baschet 3&#215;3\/centru<\/p>\n<p style=\"margin-bottom: 0cm; mso-add-space: auto; text-indent: -18.0pt; line-height: normal; mso-list: l0 level1 lfo1;\"><!-- [if !supportLists]-->4.\u00a0\u00a0\u00a0\u00a0\u00a0\u00a0Organizarea unui turneu de baschet 3&#215;3 inter-centre<\/p>\n<p style=\"margin-bottom: 0cm; mso-add-space: auto; text-indent: -18.0pt; line-height: normal; mso-list: l0 level1 lfo1;\"><!-- [if !supportLists]-->5.\u00a0\u00a0\u00a0\u00a0\u00a0\u00a0Organizarea unei campanii de vizionare a meciurilor Nationalei Romaniei de Baschet 3&#215;3 \u2013 participanta la JO Tokyo 2020;<\/p>\n<p style=\"margin-bottom: 0cm; mso-add-space: auto; text-indent: -18.0pt; line-height: normal; mso-list: l0 level1 lfo1;\"><!-- [if !supportLists]-->6.\u00a0\u00a0\u00a0\u00a0\u00a0\u00a0Organizarea a minim 2 interviuri copii-olimpieni romani aflati la Tokyo, via Zoom;<\/p>\n<p style=\"margin-bottom: 0cm; mso-add-space: auto; text-indent: -18.0pt; line-height: normal; mso-list: l0 level1 lfo1;\"><!-- [if !supportLists]-->7.\u00a0\u00a0\u00a0\u00a0\u00a0\u00a0Montarea unui panou de baschet in centre, intocmirea si distribuirea manualului de 3&#215;3, a brosurii de miscare zilnica, dar si a setului de materiale si echipamente sportive;<\/p>\n<p style=\"margin-bottom: 0cm; mso-add-space: auto; text-indent: -18.0pt; line-height: normal; mso-list: l0 level1 lfo1;\">8.\u00a0\u00a0\u00a0\u00a0\u00a0\u00a0Aplicarea unor metode de evaluare calitativa a proiectului, precum: interviuri, rubrici sesiuni de autoevaluare, inregistrari anecdotice.<\/p>\n<p style=\"margin-bottom: 0cm; mso-add-space: auto; text-indent: -18.0pt; line-height: normal; mso-list: l0 level1 lfo1;\">\u00a0<\/p>\n<p>\t\t\t\t\t\t\t\t\t\t\t\t\t\t\t\t<a href=\"http:\/\/www.instaredebine.ro\" target=\"_blank\" rel=\"noopener\"><br \/>\n\t\t\t\t\t\t\t<img decoding=\"async\" width=\"640\" height=\"76\" src=\"https:\/\/3la3.ro\/ro\/wp-content\/uploads\/2021\/07\/hastag-color@4x-840x100.png\" alt=\"\" loading=\"lazy\" srcset=\"https:\/\/3la3.ro\/ro\/wp-content\/uploads\/2021\/07\/hastag-color@4x-840x100.png 840w, https:\/\/3la3.ro\/ro\/wp-content\/uploads\/2021\/07\/hastag-color@4x-660x79.png 660w, https:\/\/3la3.ro\/ro\/wp-content\/uploads\/2021\/07\/hastag-color@4x-768x92.png 768w, https:\/\/3la3.ro\/ro\/wp-content\/uploads\/2021\/07\/hastag-color@4x-1536x183.png 1536w, https:\/\/3la3.ro\/ro\/wp-content\/uploads\/2021\/07\/hastag-color@4x-2048x244.png 2048w\" sizes=\"(max-width: 640px) 100vw, 640px\" \/>\t\t\t\t\t\t\t\t<\/a><br \/>\n\t\t\t\t\t\t\t\t\t\t\t\t\t\t\t<img decoding=\"async\" width=\"640\" height=\"218\" src=\"https:\/\/3la3.ro\/ro\/wp-content\/uploads\/2021\/07\/fdsc-kaufland@3x-840x286.png\" alt=\"\" loading=\"lazy\" srcset=\"https:\/\/3la3.ro\/ro\/wp-content\/uploads\/2021\/07\/fdsc-kaufland@3x-840x286.png 840w, https:\/\/3la3.ro\/ro\/wp-content\/uploads\/2021\/07\/fdsc-kaufland@3x-660x225.png 660w, https:\/\/3la3.ro\/ro\/wp-content\/uploads\/2021\/07\/fdsc-kaufland@3x-768x262.png 768w, https:\/\/3la3.ro\/ro\/wp-content\/uploads\/2021\/07\/fdsc-kaufland@3x-1536x524.png 1536w, https:\/\/3la3.ro\/ro\/wp-content\/uploads\/2021\/07\/fdsc-kaufland@3x.png 1598w\" sizes=\"(max-width: 640px) 100vw, 640px\" \/>\t\t\t\t\t\t\t\t\t\t\t\t\t\t\t<\/p>\n<h6 style=\"text-align: right;\"><i>\u201eCon\u021binutul acestui material nu reprezint\u0103 \u00een mod necesar pozi\u021bia oficial\u0103 a&nbsp;programului \u201e\u00cen stare de bine\u201d<\/i><\/h6>\n","protected":false},"excerpt":{"rendered":"<p>Proiect derulat de ACS Sport Promotion \u0219i finan\u021bat prin programul \u201e\u00cen stare de bine\u201d, sus\u021binut de Kaufland Rom\u00e2nia \u0219i implementat de Funda\u021bia pentru Dezvoltarea Societ\u0103\u021bii Civile Descarc\u0103 manualul &#8222;Baschet 3&#215;3&#8221; Cum s\u0103 facem sport zilnic Anterioar\u0103 Urm\u0103toare Copiii din proiectul SCORE \u00eencuraja\u021bi de na\u021bionala Rom\u00e2niei \u0219i oficialit\u0103\u021bi FIBA admin \u2022 23 septembrie 2021 \u2022 SCORE, Slider, Stiri Peste 60 de copii din centrele sociale din Bucure\u0219ti au avut ocazia weekend-ul trecut s\u0103 evolueze \u00eentr-un turneu de baschet 3&#215;3 la Cite\u0219te mai mult \u00bb Despre baschet \u0219i via\u021b\u0103 cu Denisa \u0219i&hellip;<\/p>\n","protected":false},"author":1,"featured_media":0,"parent":0,"menu_order":0,"comment_status":"closed","ping_status":"closed","template":"","meta":{"footnotes":""},"_links":{"self":[{"href":"https:\/\/3la3.ro\/ro\/wp-json\/wp\/v2\/pages\/5710"}],"collection":[{"href":"https:\/\/3la3.ro\/ro\/wp-json\/wp\/v2\/pages"}],"about":[{"href":"https:\/\/3la3.ro\/ro\/wp-json\/wp\/v2\/types\/page"}],"author":[{"embeddable":true,"href":"https:\/\/3la3.ro\/ro\/wp-json\/wp\/v2\/users\/1"}],"replies":[{"embeddable":true,"href":"https:\/\/3la3.ro\/ro\/wp-json\/wp\/v2\/comments?post=5710"}],"version-history":[{"count":47,"href":"https:\/\/3la3.ro\/ro\/wp-json\/wp\/v2\/pages\/5710\/revisions"}],"predecessor-version":[{"id":5913,"href":"https:\/\/3la3.ro\/ro\/wp-json\/wp\/v2\/pages\/5710\/revisions\/5913"}],"wp:attachment":[{"href":"https:\/\/3la3.ro\/ro\/wp-json\/wp\/v2\/media?parent=5710"}],"curies":[{"name":"wp","href":"https:\/\/api.w.org\/{rel}","templated":true}]}}