{"id":5698,"date":"2021-07-09T09:44:32","date_gmt":"2021-07-09T06:44:32","guid":{"rendered":"https:\/\/3la3.ro\/ro\/?page_id=5698"},"modified":"2021-09-03T15:37:48","modified_gmt":"2021-09-03T12:37:48","slug":"finala-2021","status":"publish","type":"page","link":"https:\/\/3la3.ro\/ro\/finala-2021","title":{"rendered":"Finala 2021"},"content":{"rendered":"<p>Raiffeisen Bank Sport Arena Streetball 2021 &#8211; Programul turneului final:<\/p>\n<p><script data-fiba-embedtype=\"results\" data-fiba-eventid=\"0d5bed37-89d7-4798-80e7-c1b123560cae\" src=\"https:\/\/play.fiba3x3.com\/embed.js\" sync><span data-mce-type=\"bookmark\" style=\"display: inline-block; width: 0px; overflow: hidden; line-height: 0;\" class=\"mce_SELRES_start\">\ufeff<\/span><\/script><\/p>\n<p>Pentru mai multe informa\u021bii ne pute\u021bi contacta pe num\u0103rul de whatsapp +40747459548<\/p>\n<p>V\u0103 rug\u0103m consulta\u021bi regulamentul complet al competi\u021biei <strong><a href=\"https:\/\/3la3.ro\/ro\/wp-content\/uploads\/2021\/06\/Regulament-tur-2021-complet.pdf\" target=\"_blank\" rel=\"noopener\">AICI!<\/a><\/strong><\/p>\n<p>Participarea la turneu se va face \u00een condi\u021biile prev\u0103zute de normele sanitare \u00een vigoare, at\u00e2t pentru juc\u0103tori c\u00e2t \u0219i pentru spectatori. Regulile de acces pot fi consultate\u00a0<strong><a href=\"https:\/\/3la3.ro\/ro\/sport-arena-streetball-zona-libera-de-covid-19_5621.html\" target=\"_blank\" rel=\"noopener\">AICI<\/a><\/strong>!<\/p>\n<p>&nbsp;<\/p>\n","protected":false},"excerpt":{"rendered":"<p>Raiffeisen Bank Sport Arena Streetball 2021 &#8211; Programul turneului final: Pentru mai multe informa\u021bii ne pute\u021bi contacta pe num\u0103rul de whatsapp +40747459548 V\u0103 rug\u0103m consulta\u021bi regulamentul complet al competi\u021biei AICI! Participarea la turneu se va face \u00een condi\u021biile prev\u0103zute de normele sanitare \u00een vigoare, at\u00e2t pentru juc\u0103tori c\u00e2t \u0219i pentru spectatori. Regulile de acces pot fi consultate\u00a0AICI! &nbsp;<\/p>\n","protected":false},"author":1,"featured_media":0,"parent":0,"menu_order":0,"comment_status":"closed","ping_status":"closed","template":"","meta":{"footnotes":""},"_links":{"self":[{"href":"https:\/\/3la3.ro\/ro\/wp-json\/wp\/v2\/pages\/5698"}],"collection":[{"href":"https:\/\/3la3.ro\/ro\/wp-json\/wp\/v2\/pages"}],"about":[{"href":"https:\/\/3la3.ro\/ro\/wp-json\/wp\/v2\/types\/page"}],"author":[{"embeddable":true,"href":"https:\/\/3la3.ro\/ro\/wp-json\/wp\/v2\/users\/1"}],"replies":[{"embeddable":true,"href":"https:\/\/3la3.ro\/ro\/wp-json\/wp\/v2\/comments?post=5698"}],"version-history":[{"count":15,"href":"https:\/\/3la3.ro\/ro\/wp-json\/wp\/v2\/pages\/5698\/revisions"}],"predecessor-version":[{"id":5819,"href":"https:\/\/3la3.ro\/ro\/wp-json\/wp\/v2\/pages\/5698\/revisions\/5819"}],"wp:attachment":[{"href":"https:\/\/3la3.ro\/ro\/wp-json\/wp\/v2\/media?parent=5698"}],"curies":[{"name":"wp","href":"https:\/\/api.w.org\/{rel}","templated":true}]}}