{"id":5153,"date":"2020-05-03T16:46:45","date_gmt":"2020-05-03T13:46:45","guid":{"rendered":"http:\/\/3la3.ro\/ro\/?page_id=5153"},"modified":"2021-01-05T16:25:39","modified_gmt":"2021-01-05T14:25:39","slug":"esport","status":"publish","type":"page","link":"https:\/\/3la3.ro\/ro\/esport","title":{"rendered":"eSport"},"content":{"rendered":"<p>Primul campionat de baschet 3&#215;3 online, Raiffeisen Bank eSport Arena Streetball, s-a disputat sub forma a patru etape regulate \u0219i o FINAL\u0102, care a reunit cei mai buni juc\u0103tori din cadrul celor patru etape.<\/p>\n<p><em>Etapa 1: 26-30 august <a href=\"https:\/\/3la3.ro\/ro\/campioni-din-timisoara-si-bucuresti-in-prima-etapa-la-raiffeisen-bank-esport-arena-streetball-vlad-moldoveanu-pe-locul-8-la-xbox_5338.html\" target=\"_blank\" rel=\"noopener noreferrer\">(Campion Xbox: Luca Hu\u0219tiuc \/ Campion PlayStation: Raul Jurchescu)<\/a><\/em><\/p>\n<p><em>Etapa 2: 23-27 septembrie (<a href=\"https:\/\/3la3.ro\/ro\/salt-virtual-campion-anul-trecut-la-baschet-3x3-victorios-acum-si-pe-consola-la-raiffeisen-bank-esport-arena-streetball_5366.html\" target=\"_blank\" rel=\"noopener noreferrer\">Campion Xbox: Ionu\u021b Sescu \/ Campion PlayStation: Marius Leonte<\/a>)<\/em><\/p>\n<p><em><span style=\"color: #000000;\">Etapa 3: 28 oct. &#8211; 1 nov. (<a href=\"https:\/\/3la3.ro\/ro\/record-pe-consola-cel-mai-tanar-campion-la-raiffeisen-bank-esport-arena-streetball_5409.html\" target=\"_blank\" rel=\"noopener noreferrer\">Campion Xbox: Luca Hu\u0219tiuc \/ Campion PlayStation: R\u0103zvan Popa<\/a>)\u00a0<\/span><\/em><\/p>\n<p><em><span style=\"color: #000000;\">Etapa 4: <a href=\"https:\/\/3la3.ro\/ro\/clasamentele-finale-la-raiffeisen-bank-esport-arena-streetball_5440.html\" target=\"_blank\" rel=\"noopener noreferrer\">18-22 noiembrie (Campion Xbox: Vlad Nistor \/ Campion PlayStation: Ionu\u021b Pantazi)<\/a><\/span><\/em><\/p>\n<p><em><span style=\"color: #333333;\"><strong>FINALA: 28-29 decembrie <a href=\"https:\/\/3la3.ro\/ro\/finala-raiffeisen-bank-esport-arena-streetball-turneul-de-baschet-3x3-online-a-pus-punct-anului-2020_5543.html\" target=\"_blank\" rel=\"noopener noreferrer\">(Campion Xbox: Daniel Bratu \/ Campion PlayStation: R\u0103zvan Popa)<\/a><\/strong><\/span><\/em><\/p>\n<p>&nbsp;<\/p>\n<p><a href=\"https:\/\/3la3.ro\/ro\/wp-content\/uploads\/2020\/08\/RZBR-eSport-Arena-Streetball-regulament-KO.pdf\" target=\"_blank\" rel=\"noopener noreferrer\">CITE\u0218TE REGULAMENTUL!<\/a><\/p>\n<p>Exist\u0103 dou\u0103 categorii: Playstation (PS4) \u0219i Xbox (Xbox One). Se joac\u0103 pe modul Blacktop din NBA2k20, 3 la 3, cu juc\u0103tori din NBA. Participan\u021bii \u00ee\u0219i vor alege echipa \u00eenaintea fiec\u0103rui meci. Meciurile din fazele finale se vor juca s\u00e2mb\u0103t\u0103 \u0219i duminic\u0103 \u0219i vor fi transmise LIVE pe\u00a0 You Tube \u0219i Facebook la Sport Arena Streetball.<\/p>\n<blockquote>\n<p style=\"text-align: left;\">Num\u0103r de telefon pentru suport \u00eenscrieri: 0728941433<\/p>\n<\/blockquote>\n","protected":false},"excerpt":{"rendered":"<p>Primul campionat de baschet 3&#215;3 online, Raiffeisen Bank eSport Arena Streetball, s-a disputat sub forma a patru etape regulate \u0219i o FINAL\u0102, care a reunit cei mai buni juc\u0103tori din cadrul celor patru etape. Etapa 1: 26-30 august (Campion Xbox: Luca Hu\u0219tiuc \/ Campion PlayStation: Raul Jurchescu) Etapa 2: 23-27 septembrie (Campion Xbox: Ionu\u021b Sescu \/ Campion PlayStation: Marius Leonte) Etapa 3: 28 oct. &#8211; 1 nov. (Campion Xbox: Luca Hu\u0219tiuc \/ Campion PlayStation: R\u0103zvan Popa)\u00a0 Etapa 4: 18-22 noiembrie (Campion Xbox: Vlad Nistor \/ Campion PlayStation: Ionu\u021b Pantazi) FINALA:&hellip;<\/p>\n","protected":false},"author":1,"featured_media":0,"parent":0,"menu_order":0,"comment_status":"closed","ping_status":"closed","template":"","meta":{"footnotes":""},"_links":{"self":[{"href":"https:\/\/3la3.ro\/ro\/wp-json\/wp\/v2\/pages\/5153"}],"collection":[{"href":"https:\/\/3la3.ro\/ro\/wp-json\/wp\/v2\/pages"}],"about":[{"href":"https:\/\/3la3.ro\/ro\/wp-json\/wp\/v2\/types\/page"}],"author":[{"embeddable":true,"href":"https:\/\/3la3.ro\/ro\/wp-json\/wp\/v2\/users\/1"}],"replies":[{"embeddable":true,"href":"https:\/\/3la3.ro\/ro\/wp-json\/wp\/v2\/comments?post=5153"}],"version-history":[{"count":46,"href":"https:\/\/3la3.ro\/ro\/wp-json\/wp\/v2\/pages\/5153\/revisions"}],"predecessor-version":[{"id":5547,"href":"https:\/\/3la3.ro\/ro\/wp-json\/wp\/v2\/pages\/5153\/revisions\/5547"}],"wp:attachment":[{"href":"https:\/\/3la3.ro\/ro\/wp-json\/wp\/v2\/media?parent=5153"}],"curies":[{"name":"wp","href":"https:\/\/api.w.org\/{rel}","templated":true}]}}