{"id":4853,"date":"2019-10-20T10:09:39","date_gmt":"2019-10-20T08:09:39","guid":{"rendered":"http:\/\/3la3.ro\/ro\/?page_id=4853"},"modified":"2019-10-24T15:53:36","modified_gmt":"2019-10-24T13:53:36","slug":"3x3-constanta-streetplay-2019","status":"publish","type":"page","link":"https:\/\/3la3.ro\/ro\/3x3-constanta-streetplay-2019","title":{"rendered":"3&#215;3 Constanta Streetplay 2019"},"content":{"rendered":"<p>3&#215;3 Constan\u021ba Streetplay, edi\u021bia de iarn\u0103, este ultimul turneu major organizat \u00een Rom\u00e2nia la care punctele adunate de juc\u0103tori vor conta \u00een duelul na\u021biunilor pentru calificarea la Jocurile Olimpice, edi\u021bia Tokyo 2020. Evenimentul marca Sport Arena Streetball va avea loc \u00een zilele de 26 \u0219i 27 octombrie \u00een City Park Mall, este organizat de Asocia\u021bia Jude\u021bean\u0103 de Baschet Constan\u021ba \u0219i finan\u021bat de Prim\u0103ria Constan\u021ba.<\/p>\n<p>Programul competi\u021biei:<\/p>\n<p>&nbsp;<\/p>\n<p><script data-fiba-embedtype=\"results\" data-fiba-eventid=\"2b2aa40a-1081-44be-b637-3177a2c59064\" src=\"https:\/\/play.fiba3x3.com\/embed.js\" async><\/script><\/p>\n<p>&nbsp;<\/p>\n","protected":false},"excerpt":{"rendered":"<p>3&#215;3 Constan\u021ba Streetplay, edi\u021bia de iarn\u0103, este ultimul turneu major organizat \u00een Rom\u00e2nia la care punctele adunate de juc\u0103tori vor conta \u00een duelul na\u021biunilor pentru calificarea la Jocurile Olimpice, edi\u021bia Tokyo 2020. Evenimentul marca Sport Arena Streetball va avea loc \u00een zilele de 26 \u0219i 27 octombrie \u00een City Park Mall, este organizat de Asocia\u021bia Jude\u021bean\u0103 de Baschet Constan\u021ba \u0219i finan\u021bat de Prim\u0103ria Constan\u021ba. Programul competi\u021biei: &nbsp; &nbsp;<\/p>\n","protected":false},"author":1,"featured_media":0,"parent":0,"menu_order":0,"comment_status":"closed","ping_status":"closed","template":"","meta":{"footnotes":""},"_links":{"self":[{"href":"https:\/\/3la3.ro\/ro\/wp-json\/wp\/v2\/pages\/4853"}],"collection":[{"href":"https:\/\/3la3.ro\/ro\/wp-json\/wp\/v2\/pages"}],"about":[{"href":"https:\/\/3la3.ro\/ro\/wp-json\/wp\/v2\/types\/page"}],"author":[{"embeddable":true,"href":"https:\/\/3la3.ro\/ro\/wp-json\/wp\/v2\/users\/1"}],"replies":[{"embeddable":true,"href":"https:\/\/3la3.ro\/ro\/wp-json\/wp\/v2\/comments?post=4853"}],"version-history":[{"count":0,"href":"https:\/\/3la3.ro\/ro\/wp-json\/wp\/v2\/pages\/4853\/revisions"}],"wp:attachment":[{"href":"https:\/\/3la3.ro\/ro\/wp-json\/wp\/v2\/media?parent=4853"}],"curies":[{"name":"wp","href":"https:\/\/api.w.org\/{rel}","templated":true}]}}