{"id":4805,"date":"2019-08-26T03:46:34","date_gmt":"2019-08-26T01:46:34","guid":{"rendered":"http:\/\/3la3.ro\/ro\/?page_id=4805"},"modified":"2019-08-29T18:11:07","modified_gmt":"2019-08-29T16:11:07","slug":"tulcea-streetplay-2","status":"publish","type":"page","link":"https:\/\/3la3.ro\/ro\/tulcea-streetplay-2","title":{"rendered":"Tulcea Streetplay"},"content":{"rendered":"<p>Din strad\u0103 la Jocurile Olimpice! Circuitul na\u021bional de baschet 3&#215;3 revine la Tulcea cu o nou\u0103 etap\u0103 \u00een 2019! Vino in Pia\u021ba Civic\u0103 din Tulcea pe 31 august &#8211; 1 septembrie pentru un weekend plin cu baschet 3&#215;3, muzic\u0103, distrac\u021bie \u0219i concursuri cu premii pentru spectatori!<\/p>\n<p>Tulcea 3&#215;3 Streetplay 2019 este un eveniment marca Sport Arena Streetball finan\u021bat de Prim\u0103ria Municipiului Tulcea \u0219i organizat de Asociatia Terra Semper Fidelis Perspectiva pentru Viitor.<\/p>\n<p><script data-fiba-embedtype=\"results\" data-fiba-eventid=\"1cc3bcae-397e-4ef8-a47d-c712fc5e88cc\" src=\"https:\/\/play.fiba3x3.com\/embed.js\" async><\/script><\/p>\n","protected":false},"excerpt":{"rendered":"<p>Din strad\u0103 la Jocurile Olimpice! Circuitul na\u021bional de baschet 3&#215;3 revine la Tulcea cu o nou\u0103 etap\u0103 \u00een 2019! Vino in Pia\u021ba Civic\u0103 din Tulcea pe 31 august &#8211; 1 septembrie pentru un weekend plin cu baschet 3&#215;3, muzic\u0103, distrac\u021bie \u0219i concursuri cu premii pentru spectatori! Tulcea 3&#215;3 Streetplay 2019 este un eveniment marca Sport Arena Streetball finan\u021bat de Prim\u0103ria Municipiului Tulcea \u0219i organizat de Asociatia Terra Semper Fidelis Perspectiva pentru Viitor.<\/p>\n","protected":false},"author":1,"featured_media":0,"parent":0,"menu_order":0,"comment_status":"closed","ping_status":"closed","template":"","meta":{"footnotes":""},"_links":{"self":[{"href":"https:\/\/3la3.ro\/ro\/wp-json\/wp\/v2\/pages\/4805"}],"collection":[{"href":"https:\/\/3la3.ro\/ro\/wp-json\/wp\/v2\/pages"}],"about":[{"href":"https:\/\/3la3.ro\/ro\/wp-json\/wp\/v2\/types\/page"}],"author":[{"embeddable":true,"href":"https:\/\/3la3.ro\/ro\/wp-json\/wp\/v2\/users\/1"}],"replies":[{"embeddable":true,"href":"https:\/\/3la3.ro\/ro\/wp-json\/wp\/v2\/comments?post=4805"}],"version-history":[{"count":0,"href":"https:\/\/3la3.ro\/ro\/wp-json\/wp\/v2\/pages\/4805\/revisions"}],"wp:attachment":[{"href":"https:\/\/3la3.ro\/ro\/wp-json\/wp\/v2\/media?parent=4805"}],"curies":[{"name":"wp","href":"https:\/\/api.w.org\/{rel}","templated":true}]}}