{"id":4521,"date":"2019-05-01T11:09:44","date_gmt":"2019-05-01T09:09:44","guid":{"rendered":"http:\/\/3la3.ro\/ro\/?page_id=4521"},"modified":"2019-05-16T10:41:36","modified_gmt":"2019-05-16T08:41:36","slug":"raiffeisen-bank-timisoara-streetball","status":"publish","type":"page","link":"https:\/\/3la3.ro\/ro\/raiffeisen-bank-timisoara-streetball","title":{"rendered":"Raiffeisen Bank Timisoara Streetball"},"content":{"rendered":"<p>Pentru al treilea an consecutiv circuitul na\u021bional de baschet 3&#215;3 Sport Arena Streetball Tour programeaz\u0103 o etap\u0103 \u00een Timi\u0219oara. Evenimentul Raiffeisen Bank Timi\u0219oara Streetball va avea loc \u00een zilele de 18 \u0219i 19 mai la Shopping City, pe terenul care va fi amenajat \u00een interiorul centrului comercial.<\/p>\n<p>Atmosfer\u0103, prieteni, muzic\u0103, distrac\u021bie, premii \u0219i bine\u00een\u021beles mult baschet. Baschet 3&#215;3, o disciplin\u0103 care \u00eencep\u00e2nd cu edi\u021bia Tokyo 2020 face parte din programul Jocurilor Olimpice. Despre asta va fi vorba la Raiffeisen Bank Timi\u0219oara Streetball, o competi\u021bie care face parte din calendarul FIBA 3&#215;3 \u0219i la care orice juc\u0103tor participant va acumula puncte \u00een clasamentul mondial.<\/p>\n<p>Spectatorii vor avea la r\u00e2ndul lor \u0219ansa de a fi parte din ac\u021biune, prin intermediul concursurilor organizate de-a lungul celor dou\u0103 zile de competi\u021bie, care va anima zona central\u0103 din Shopping City Timi\u0219oara.<\/p>\n<p>Raiffeisen Bank Timi\u0219oara Streetball este organizat cu sprijinul Shopping City Timi\u0219oara \u0219i este sus\u021binut de c\u0103tre Raiffeisen Bank, Mastercard, Tissot \u2013 official timekeeper, UPC \u2013 connectivity partner, Nike, sportloft.com, Spartan \u0219i Horizon. Powered by Kiss FM.<\/p>\n<p><script data-fiba-embedtype=\"results\" data-fiba-eventid=\"295e4346-5e61-47a2-84f1-8c749fdced74\" src=\"https:\/\/play.fiba3x3.com\/embed.js\" async><\/script><\/p>\n","protected":false},"excerpt":{"rendered":"<p>Pentru al treilea an consecutiv circuitul na\u021bional de baschet 3&#215;3 Sport Arena Streetball Tour programeaz\u0103 o etap\u0103 \u00een Timi\u0219oara. Evenimentul Raiffeisen Bank Timi\u0219oara Streetball va avea loc \u00een zilele de 18 \u0219i 19 mai la Shopping City, pe terenul care va fi amenajat \u00een interiorul centrului comercial. Atmosfer\u0103, prieteni, muzic\u0103, distrac\u021bie, premii \u0219i bine\u00een\u021beles mult baschet. Baschet 3&#215;3, o disciplin\u0103 care \u00eencep\u00e2nd cu edi\u021bia Tokyo 2020 face parte din programul Jocurilor Olimpice. Despre asta va fi vorba la Raiffeisen Bank Timi\u0219oara Streetball, o competi\u021bie care face parte din calendarul FIBA&hellip;<\/p>\n","protected":false},"author":1,"featured_media":0,"parent":0,"menu_order":0,"comment_status":"closed","ping_status":"closed","template":"","meta":{"footnotes":""},"_links":{"self":[{"href":"https:\/\/3la3.ro\/ro\/wp-json\/wp\/v2\/pages\/4521"}],"collection":[{"href":"https:\/\/3la3.ro\/ro\/wp-json\/wp\/v2\/pages"}],"about":[{"href":"https:\/\/3la3.ro\/ro\/wp-json\/wp\/v2\/types\/page"}],"author":[{"embeddable":true,"href":"https:\/\/3la3.ro\/ro\/wp-json\/wp\/v2\/users\/1"}],"replies":[{"embeddable":true,"href":"https:\/\/3la3.ro\/ro\/wp-json\/wp\/v2\/comments?post=4521"}],"version-history":[{"count":0,"href":"https:\/\/3la3.ro\/ro\/wp-json\/wp\/v2\/pages\/4521\/revisions"}],"wp:attachment":[{"href":"https:\/\/3la3.ro\/ro\/wp-json\/wp\/v2\/media?parent=4521"}],"curies":[{"name":"wp","href":"https:\/\/api.w.org\/{rel}","templated":true}]}}