{"id":4492,"date":"2021-06-13T16:39:13","date_gmt":"2021-06-13T13:39:13","guid":{"rendered":"http:\/\/3la3.ro\/ro\/?page_id=4492"},"modified":"2021-06-18T22:18:52","modified_gmt":"2021-06-18T19:18:52","slug":"turneul1","status":"publish","type":"page","link":"https:\/\/3la3.ro\/ro\/turneul1","title":{"rendered":"Turneul 1"},"content":{"rendered":"<p>20-21 iunie 2021<\/p>\n<p>Participarea la turneu se va face \u00een condi\u021biile prev\u0103zute de normele sanitare \u00een vigoare, at\u00e2t pentru juc\u0103tori c\u00e2t \u0219i pentru spectatori. Regulile de acces pot fi consultate <strong><a href=\"https:\/\/3la3.ro\/ro\/sport-arena-streetball-zona-libera-de-covid-19_5621.html\" target=\"_blank\" rel=\"noopener\">AICI<\/a><\/strong>!<\/p>\n<p><script data-fiba-embedtype=\"results\" data-fiba-eventid=\"6fd8aa0b-4ce7-4419-935c-b5303d0bf31a\" src=\"https:\/\/play.fiba3x3.com\/embed.js\" sync><\/script><\/p>\n","protected":false},"excerpt":{"rendered":"<p>20-21 iunie 2021 Participarea la turneu se va face \u00een condi\u021biile prev\u0103zute de normele sanitare \u00een vigoare, at\u00e2t pentru juc\u0103tori c\u00e2t \u0219i pentru spectatori. Regulile de acces pot fi consultate AICI!<\/p>\n","protected":false},"author":1,"featured_media":0,"parent":0,"menu_order":0,"comment_status":"closed","ping_status":"closed","template":"","meta":{"footnotes":""},"_links":{"self":[{"href":"https:\/\/3la3.ro\/ro\/wp-json\/wp\/v2\/pages\/4492"}],"collection":[{"href":"https:\/\/3la3.ro\/ro\/wp-json\/wp\/v2\/pages"}],"about":[{"href":"https:\/\/3la3.ro\/ro\/wp-json\/wp\/v2\/types\/page"}],"author":[{"embeddable":true,"href":"https:\/\/3la3.ro\/ro\/wp-json\/wp\/v2\/users\/1"}],"replies":[{"embeddable":true,"href":"https:\/\/3la3.ro\/ro\/wp-json\/wp\/v2\/comments?post=4492"}],"version-history":[{"count":6,"href":"https:\/\/3la3.ro\/ro\/wp-json\/wp\/v2\/pages\/4492\/revisions"}],"predecessor-version":[{"id":5658,"href":"https:\/\/3la3.ro\/ro\/wp-json\/wp\/v2\/pages\/4492\/revisions\/5658"}],"wp:attachment":[{"href":"https:\/\/3la3.ro\/ro\/wp-json\/wp\/v2\/media?parent=4492"}],"curies":[{"name":"wp","href":"https:\/\/api.w.org\/{rel}","templated":true}]}}