{"id":4286,"date":"2018-09-04T10:52:24","date_gmt":"2018-09-04T08:52:24","guid":{"rendered":"http:\/\/3la3.ro\/ro\/?page_id=4286"},"modified":"2018-09-15T08:47:30","modified_gmt":"2018-09-15T06:47:30","slug":"fiba-3x3-europe-cup","status":"publish","type":"page","link":"https:\/\/3la3.ro\/ro\/fiba-3x3-europe-cup","title":{"rendered":"FIBA 3&#215;3 Europe Cup"},"content":{"rendered":"<p style=\"text-align: left;\"><em><strong>Pentru a treia oar\u0103 \u00een istorie Rom\u00e2nia va g\u0103zdui FIBA 3&#215;3 Europe Cup \u2013 turneul final al Campionatului European de Baschet 3&#215;3, eveniment care se va desf\u0103\u0219ura la Bucure\u0219ti, \u00een perioada 14-16 septembrie \u0219i va fi g\u0103zduit de c\u0103tre Circul Metropolitan. Intrarea este liber\u0103!<\/strong><\/em><\/p>\n<p>Iat\u0103 rezultatele si programul competi\u021biei:<\/p>\n<p><script data-fiba-embedtype=\"results\" data-fiba-eventid=\"345aadd4-7d0a-439c-ae08-be4e7c5b4d60\" src=\"https:\/\/play.fiba3x3.com\/embed.js\" async><\/script><\/p>\n","protected":false},"excerpt":{"rendered":"<p>Pentru a treia oar\u0103 \u00een istorie Rom\u00e2nia va g\u0103zdui FIBA 3&#215;3 Europe Cup \u2013 turneul final al Campionatului European de Baschet 3&#215;3, eveniment care se va desf\u0103\u0219ura la Bucure\u0219ti, \u00een perioada 14-16 septembrie \u0219i va fi g\u0103zduit de c\u0103tre Circul Metropolitan. Intrarea este liber\u0103! Iat\u0103 rezultatele si programul competi\u021biei:<\/p>\n","protected":false},"author":1,"featured_media":0,"parent":0,"menu_order":0,"comment_status":"closed","ping_status":"closed","template":"","meta":{"footnotes":""},"_links":{"self":[{"href":"https:\/\/3la3.ro\/ro\/wp-json\/wp\/v2\/pages\/4286"}],"collection":[{"href":"https:\/\/3la3.ro\/ro\/wp-json\/wp\/v2\/pages"}],"about":[{"href":"https:\/\/3la3.ro\/ro\/wp-json\/wp\/v2\/types\/page"}],"author":[{"embeddable":true,"href":"https:\/\/3la3.ro\/ro\/wp-json\/wp\/v2\/users\/1"}],"replies":[{"embeddable":true,"href":"https:\/\/3la3.ro\/ro\/wp-json\/wp\/v2\/comments?post=4286"}],"version-history":[{"count":0,"href":"https:\/\/3la3.ro\/ro\/wp-json\/wp\/v2\/pages\/4286\/revisions"}],"wp:attachment":[{"href":"https:\/\/3la3.ro\/ro\/wp-json\/wp\/v2\/media?parent=4286"}],"curies":[{"name":"wp","href":"https:\/\/api.w.org\/{rel}","templated":true}]}}