{"id":4162,"date":"2018-08-09T13:13:52","date_gmt":"2018-08-09T11:13:52","guid":{"rendered":"http:\/\/3la3.ro\/ro\/?page_id=4162"},"modified":"2018-10-25T11:04:23","modified_gmt":"2018-10-25T09:04:23","slug":"bulut-hoops-3x3-camp","status":"publish","type":"page","link":"https:\/\/3la3.ro\/ro\/bulut-hoops-3x3-camp","title":{"rendered":"Bulut Hoops 3&#215;3 Camp"},"content":{"rendered":"<table style=\"border-collapse: collapse; width: 600pt;\" border=\"0\" width=\"192\" cellspacing=\"0\" cellpadding=\"0\">\n<colgroup>\n<col style=\"width: 200pt;\" span=\"3\" width=\"64\" \/> <\/colgroup>\n<tbody>\n<tr style=\"height: 15.0pt;\">\n<td style=\"height: 15.0pt; width: 200pt;\" width=\"64\" height=\"20\"><a href=\"http:\/\/3la3.ro\/ro\/bulut-hoops-3x3-camp\/graphic-kit_color\" rel=\"attachment wp-att-4227\"><img loading=\"lazy\" decoding=\"async\" class=\"alignright size-medium wp-image-4227\" src=\"http:\/\/3la3.ro\/ro\/wp-content\/uploads\/2018\/08\/Graphic-Kit_Color-300x212.png\" alt=\"\" width=\"300\" height=\"212\" srcset=\"https:\/\/3la3.ro\/ro\/wp-content\/uploads\/2018\/08\/Graphic-Kit_Color-300x212.png 300w, https:\/\/3la3.ro\/ro\/wp-content\/uploads\/2018\/08\/Graphic-Kit_Color-516x365.png 516w, https:\/\/3la3.ro\/ro\/wp-content\/uploads\/2018\/08\/Graphic-Kit_Color-840x595.png 840w, https:\/\/3la3.ro\/ro\/wp-content\/uploads\/2018\/08\/Graphic-Kit_Color-768x544.png 768w, https:\/\/3la3.ro\/ro\/wp-content\/uploads\/2018\/08\/Graphic-Kit_Color.png 842w\" sizes=\"(max-width: 300px) 100vw, 300px\" \/><\/a><\/td>\n<td style=\"width: 200pt;\" width=\"64\"><a href=\"http:\/\/3la3.ro\/ro\/bulut-hoops-3x3-camp\/graphic-kit_kaufland-fdsc\" rel=\"attachment wp-att-4228\"><img loading=\"lazy\" decoding=\"async\" class=\"alignright size-medium wp-image-4228\" src=\"http:\/\/3la3.ro\/ro\/wp-content\/uploads\/2018\/08\/Graphic-Kit_Kaufland-FDSC-300x212.png\" alt=\"\" width=\"300\" height=\"212\" srcset=\"https:\/\/3la3.ro\/ro\/wp-content\/uploads\/2018\/08\/Graphic-Kit_Kaufland-FDSC-300x212.png 300w, https:\/\/3la3.ro\/ro\/wp-content\/uploads\/2018\/08\/Graphic-Kit_Kaufland-FDSC-516x365.png 516w, https:\/\/3la3.ro\/ro\/wp-content\/uploads\/2018\/08\/Graphic-Kit_Kaufland-FDSC-840x595.png 840w, https:\/\/3la3.ro\/ro\/wp-content\/uploads\/2018\/08\/Graphic-Kit_Kaufland-FDSC-768x544.png 768w, https:\/\/3la3.ro\/ro\/wp-content\/uploads\/2018\/08\/Graphic-Kit_Kaufland-FDSC.png 842w\" sizes=\"(max-width: 300px) 100vw, 300px\" \/><\/a><\/td>\n<td style=\"width: 200pt;\" width=\"64\"><a href=\"http:\/\/3la3.ro\/ro\/bulut-hoops-3x3-camp\/sigla-semnatura\" rel=\"attachment wp-att-4230\"><img loading=\"lazy\" decoding=\"async\" class=\"alignright size-medium wp-image-4230\" src=\"http:\/\/3la3.ro\/ro\/wp-content\/uploads\/2018\/08\/sigla-semnatura-300x124.jpg\" alt=\"\" width=\"300\" height=\"124\" srcset=\"https:\/\/3la3.ro\/ro\/wp-content\/uploads\/2018\/08\/sigla-semnatura-300x124.jpg 300w, https:\/\/3la3.ro\/ro\/wp-content\/uploads\/2018\/08\/sigla-semnatura.jpg 373w\" sizes=\"(max-width: 300px) 100vw, 300px\" \/><\/a><\/td>\n<\/tr>\n<\/tbody>\n<\/table>\n<p>Cel mai titrat juc\u0103tor de baschet 3&#215;3 din istoria acestei discipline, Dusan Domovic Bulut, vine la Bucuresti impreun\u0103 cu echipa sa de antrenori pentru a sus\u021bine un camp de baschet 3&#215;3 dedicat copiilor \u00eentre 14 \u0219i 18 ani. Bulut este de patru ori campion mondial cu na\u021bionala Serbiei (2012, 2016, 2017, 2018) de dou\u0103 ori c\u00e2\u0219tig\u0103tor al FIBA 3&#215;3 World Tour (2014, 2015) \u0219i de trei ori c\u00e2\u0219tig\u0103tor al FIBA 3&#215;3 All Star (2014, 2015, 2016).<\/p>\n<p>Campul va avea loc \u00een perioada 7-11 septembrie, \u00een parcarea centrului comercial Kaufland Bucure\u0219ti Vitan (Str. R\u0103cari, nr. 5, zona Mihai Bravu) \u0219i este un proiect\u00a0\ufb01nan\u0163at prin programul \u201e\u00cen stare de bine\u201d, sus\u0163inut de Kau\ufb02and Rom\u00e2nia \u0219i implementat de Funda\u0163ia pentru Dezvoltarea Societ\u0103\u0163ii Civile (<a href=\"http:\/\/www.instaredebine.ro\" target=\"_blank\" rel=\"noopener\">www.instaredebine.ro<\/a>). Programul sus\u021bine cre\u0219terea calit\u0103\u0163ii vie\u0163ii locuitorilor din comunit\u0103\u0163ile rurale \u0219i urbane, prin sprijinirea ini\u0163iativelor culturale, sportive \u0219i a activit\u0103\u0163ilor de promovare a unui stil de via\u0163\u0103 s\u0103n\u0103tos.<\/p>\n<p><strong>Bulut Hoops 3&#215;3 Camp s-a \u00eencheiat. \u00cen zilele de luni 10 septembrie \u0219i mar\u021bi 11 septembrie vor avea loc meciurile din cadrul turneului \u00een care participan\u021bii la camp pot pune \u00een aplicare cele \u00eenv\u0103\u021bate pe parcursul celor trei zile. Programul meciurilor aici:\u00a0<\/strong><\/p>\n<p><script data-fiba-embedtype=\"results\" data-fiba-eventid=\"ab852d82-2873-460a-a03c-ff3e120cab14\" src=\"https:\/\/play.fiba3x3.com\/embed.js\" async><\/script><\/p>\n<p><strong>\u00a0<\/strong><\/p>\n<h6 style=\"text-align: right;\"><em>Con\u0163inutul acestui material nu reprezint\u0103 \u00een mod necesar pozi\u0163ia o\ufb01cial\u0103 a programului \u201e\u00cen stare de bine\u201d. \u00centreaga r\u0103spundere asupra corectitudinii \u015fi coeren\u0163ei informa\u0163iilor prezentate revine ini\u0163iatorilor website-ului; <\/em><\/h6>\n","protected":false},"excerpt":{"rendered":"<p>Cel mai titrat juc\u0103tor de baschet 3&#215;3 din istoria acestei discipline, Dusan Domovic Bulut, vine la Bucuresti impreun\u0103 cu echipa sa de antrenori pentru a sus\u021bine un camp de baschet 3&#215;3 dedicat copiilor \u00eentre 14 \u0219i 18 ani. Bulut este de patru ori campion mondial cu na\u021bionala Serbiei (2012, 2016, 2017, 2018) de dou\u0103 ori c\u00e2\u0219tig\u0103tor al FIBA 3&#215;3 World Tour (2014, 2015) \u0219i de trei ori c\u00e2\u0219tig\u0103tor al FIBA 3&#215;3 All Star (2014, 2015, 2016). Campul va avea loc \u00een perioada 7-11 septembrie, \u00een parcarea centrului comercial Kaufland Bucure\u0219ti&hellip;<\/p>\n","protected":false},"author":1,"featured_media":4217,"parent":0,"menu_order":0,"comment_status":"closed","ping_status":"closed","template":"","meta":{"footnotes":""},"_links":{"self":[{"href":"https:\/\/3la3.ro\/ro\/wp-json\/wp\/v2\/pages\/4162"}],"collection":[{"href":"https:\/\/3la3.ro\/ro\/wp-json\/wp\/v2\/pages"}],"about":[{"href":"https:\/\/3la3.ro\/ro\/wp-json\/wp\/v2\/types\/page"}],"author":[{"embeddable":true,"href":"https:\/\/3la3.ro\/ro\/wp-json\/wp\/v2\/users\/1"}],"replies":[{"embeddable":true,"href":"https:\/\/3la3.ro\/ro\/wp-json\/wp\/v2\/comments?post=4162"}],"version-history":[{"count":0,"href":"https:\/\/3la3.ro\/ro\/wp-json\/wp\/v2\/pages\/4162\/revisions"}],"wp:featuredmedia":[{"embeddable":true,"href":"https:\/\/3la3.ro\/ro\/wp-json\/wp\/v2\/media\/4217"}],"wp:attachment":[{"href":"https:\/\/3la3.ro\/ro\/wp-json\/wp\/v2\/media?parent=4162"}],"curies":[{"name":"wp","href":"https:\/\/api.w.org\/{rel}","templated":true}]}}