{"id":4077,"date":"2018-08-01T14:32:28","date_gmt":"2018-08-01T12:32:28","guid":{"rendered":"http:\/\/3la3.ro\/ro\/?page_id=4077"},"modified":"2018-08-08T16:35:56","modified_gmt":"2018-08-08T14:35:56","slug":"3x3-in-sectorul-3","status":"publish","type":"page","link":"https:\/\/3la3.ro\/ro\/3x3-in-sectorul-3","title":{"rendered":"3&#215;3 in Sectorul 3"},"content":{"rendered":"<p>Baschet 3&#215;3 \u00een Sectorul 3 este un turneu pentru copii \u0219i juniori dedicat categoriilor de v\u00e2rst\u0103 Baby Mixt (U10), Mini B\u0103ie\u021bi \u0219i Fete (U12), U14 B\u0103ie\u021bi \u0219i Fete \u0219i U18 B\u0103ie\u021bi \u0219i Fete. Turneul este realizat cu sprijinul Prim\u0103riei Sectorului 3.<\/p>\n<p><script data-fiba-embedtype=\"results\" data-fiba-eventid=\"28511899-a020-44d4-8089-c05706176f51\" src=\"https:\/\/play.fiba3x3.com\/embed.js\" async><\/script><\/p>\n","protected":false},"excerpt":{"rendered":"<p>Baschet 3&#215;3 \u00een Sectorul 3 este un turneu pentru copii \u0219i juniori dedicat categoriilor de v\u00e2rst\u0103 Baby Mixt (U10), Mini B\u0103ie\u021bi \u0219i Fete (U12), U14 B\u0103ie\u021bi \u0219i Fete \u0219i U18 B\u0103ie\u021bi \u0219i Fete. Turneul este realizat cu sprijinul Prim\u0103riei Sectorului 3.<\/p>\n","protected":false},"author":1,"featured_media":0,"parent":0,"menu_order":0,"comment_status":"closed","ping_status":"closed","template":"","meta":{"footnotes":""},"_links":{"self":[{"href":"https:\/\/3la3.ro\/ro\/wp-json\/wp\/v2\/pages\/4077"}],"collection":[{"href":"https:\/\/3la3.ro\/ro\/wp-json\/wp\/v2\/pages"}],"about":[{"href":"https:\/\/3la3.ro\/ro\/wp-json\/wp\/v2\/types\/page"}],"author":[{"embeddable":true,"href":"https:\/\/3la3.ro\/ro\/wp-json\/wp\/v2\/users\/1"}],"replies":[{"embeddable":true,"href":"https:\/\/3la3.ro\/ro\/wp-json\/wp\/v2\/comments?post=4077"}],"version-history":[{"count":1,"href":"https:\/\/3la3.ro\/ro\/wp-json\/wp\/v2\/pages\/4077\/revisions"}],"predecessor-version":[{"id":5614,"href":"https:\/\/3la3.ro\/ro\/wp-json\/wp\/v2\/pages\/4077\/revisions\/5614"}],"wp:attachment":[{"href":"https:\/\/3la3.ro\/ro\/wp-json\/wp\/v2\/media?parent=4077"}],"curies":[{"name":"wp","href":"https:\/\/api.w.org\/{rel}","templated":true}]}}