{"id":2863,"date":"2017-01-16T14:57:18","date_gmt":"2017-01-16T12:57:18","guid":{"rendered":"http:\/\/3la3.ro\/portal\/ro\/?page_id=2863"},"modified":"2025-05-28T11:28:18","modified_gmt":"2025-05-28T08:28:18","slug":"despre-noi","status":"publish","type":"page","link":"https:\/\/3la3.ro\/ro\/despre-noi","title":{"rendered":"Despre noi"},"content":{"rendered":"\n<figure class=\"wp-block-image size-large\"><a href=\"https:\/\/3la3.ro\/ro\/wp-content\/uploads\/2022\/10\/20221009_205739_0541-scaled.jpg\"><img loading=\"lazy\" decoding=\"async\" width=\"840\" height=\"560\" src=\"https:\/\/3la3.ro\/ro\/wp-content\/uploads\/2022\/10\/20221009_205739_0541-840x560.jpg\" alt=\"\" class=\"wp-image-6418\" srcset=\"https:\/\/3la3.ro\/ro\/wp-content\/uploads\/2022\/10\/20221009_205739_0541-840x560.jpg 840w, https:\/\/3la3.ro\/ro\/wp-content\/uploads\/2022\/10\/20221009_205739_0541-548x365.jpg 548w, https:\/\/3la3.ro\/ro\/wp-content\/uploads\/2022\/10\/20221009_205739_0541-768x512.jpg 768w, https:\/\/3la3.ro\/ro\/wp-content\/uploads\/2022\/10\/20221009_205739_0541-1536x1024.jpg 1536w, https:\/\/3la3.ro\/ro\/wp-content\/uploads\/2022\/10\/20221009_205739_0541-2048x1365.jpg 2048w\" sizes=\"(max-width: 840px) 100vw, 840px\" \/><\/a><\/figure>\n\n\n\n<p><strong>Sport Arena Streetball<\/strong> este un proiect emblematic n\u0103scut \u00een 2005, din pasiune pentru sport \u0219i dorin\u021ba de a oferi o platform\u0103 dedicat\u0103 baschetului 3&#215;3 \u2013 o form\u0103 urban\u0103, dinamic\u0103 \u0219i spectaculoas\u0103 a jocului de baschet. De-a lungul a aproape dou\u0103 decenii, Sport Arena Streetball a evoluat de la un simplu turneu local la un adev\u0103rat fenomen sportiv, devenind un reper \u00een peisajul sportului urban din Rom\u00e2nia \u0219i nu numai.<\/p>\n\n\n\n<p>\u00cen timp, Sport Arena Streetball a contribuit semnificativ la dezvoltarea \u0219i popularizarea baschetului 3&#215;3, fiind un pionier \u00een organizarea de competi\u021bii la standarde interna\u021bionale, \u00eenainte ca acest sport s\u0103 fie inclus oficial \u00een calendarul olimpic.<\/p>\n\n\n\n<p>Sport Arena Streetball este recunoscut\u0103 de <strong>FIBA (Federa\u021bia Interna\u021bional\u0103 de Baschet)<\/strong> drept <strong>unul dintre pilonii dezvolt\u0103rii baschetului 3&#215;3<\/strong> la nivel mondial, datorit\u0103 constan\u021bei, standardului ridicat \u00een organizare \u0219i impactului pe care \u00eel are \u00een ecosistemul sportiv interna\u021bional. Evenimentele organizate sub acest brand au oferit un model de bune practici pentru competi\u021bii similare \u00een \u00eentreaga lume, contribuind activ la includerea baschetului 3&#215;3 \u00een programul olimpic.<\/p>\n\n\n\n<blockquote class=\"wp-block-quote is-layout-flow wp-block-quote-is-layout-flow\">\n<p><span style=\"color: #000000;\"><em><strong>\u201cSport Arena este unul dintre pilonii dezvolt\u0103rii baschetului 3&#215;3 la nivel mondial\u201d &#8211; FIBA<\/strong><\/em><\/span><\/p>\n\n\n\n<p><span style=\"color: #000000;\"><em><strong>\u201cTurneele Sport Arena Streetball sunt un exemplu de bun\u0103 practic\u0103 pentru toate turneele de baschet 3&#215;3 din lume\u201d &#8211; FIBA<\/strong><\/em><\/span><\/p>\n<\/blockquote>\n\n\n\n<p>\u00cen prezent Sport Arena Streetball organizeaz\u0103 o serie de <strong>evenimente complexe de tip festival sportiv urban<\/strong>, dedicate \u00eentregii familii, care integreaz\u0103 competi\u021bii oficiale de 3&#215;3 (pentru toate categoriile de v\u00e2rst\u0103 \u0219i genuri), zone dedicate altor sporturi cu caracter urban, activ\u0103ri de brand, zone de relaxare, e-sports, zone de nutri\u021bie \u0219i hidratare \u0219i activit\u0103\u021bi de responsabilitate social\u0103. Aceste evenimente atrag \u00eentre <strong>500 \u0219i 2.000 de participan\u021bi pe turneu<\/strong>, av\u00e2nd un public care variaz\u0103 de la c\u00e2teva mii p\u00e2n\u0103 la <strong>peste 10.000 de spectatori<\/strong> pe eveniment, cu transmisiuni live pe canalele proprii \u0219i parteneriate media strategice.<\/p>\n\n\n\n<p>Prin platforma sa, Sport Arena Streetball a contribuit la formarea \u0219i afirmarea a numero\u0219i sportivi rom\u00e2ni de top \u00een baschetul 3&#215;3, oferindu-le un cadru organizat de competi\u021bie la standarde interna\u021bionale.<\/p>\n\n\n\n<p>Prin consisten\u021b\u0103, inova\u021bie \u0219i o viziune modern\u0103 asupra sportului ca fenomen social \u0219i cultural, Sport Arena Streetball a devenit nu doar un promotor al baschetului 3&#215;3, ci \u0219i un motor al dezvolt\u0103rii comunit\u0103\u021bii sportive din Rom\u00e2nia.<\/p>\n\n\n\n<p><strong>\u00cen prezent, echipa Sport Arena Streetball contribuie activ \u0219i constant la organizarea evenimentelor din calendarul FIBA 3&#215;3<\/strong>, de la turnee din circuitul profesionist p\u00e2n\u0103 la competi\u021bii dedicate echipelor na\u021bionale. <strong>Expertiza acumulat\u0103 \u00een peste 20 de ani de activitate<\/strong> este valorificat\u0103 \u00een mod direct \u00een organizarea \u0219i desf\u0103\u0219urarea acestor evenimente, sus\u021bin\u00e2nd dezvoltarea continu\u0103 a baschetului 3&#215;3 la nivel global.<\/p>\n","protected":false},"excerpt":{"rendered":"<p>Sport Arena Streetball este un proiect emblematic n\u0103scut \u00een 2005, din pasiune pentru sport \u0219i dorin\u021ba de a oferi o platform\u0103 dedicat\u0103 baschetului 3&#215;3 \u2013 o form\u0103 urban\u0103, dinamic\u0103 \u0219i spectaculoas\u0103 a jocului de baschet. De-a lungul a aproape dou\u0103 decenii, Sport Arena Streetball a evoluat de la un simplu turneu local la un adev\u0103rat fenomen sportiv, devenind un reper \u00een peisajul sportului urban din Rom\u00e2nia \u0219i nu numai. \u00cen timp, Sport Arena Streetball a contribuit semnificativ la dezvoltarea \u0219i popularizarea baschetului 3&#215;3, fiind un pionier \u00een organizarea de competi\u021bii&hellip;<\/p>\n","protected":false},"author":1,"featured_media":0,"parent":0,"menu_order":0,"comment_status":"closed","ping_status":"closed","template":"","meta":{"footnotes":""},"_links":{"self":[{"href":"https:\/\/3la3.ro\/ro\/wp-json\/wp\/v2\/pages\/2863"}],"collection":[{"href":"https:\/\/3la3.ro\/ro\/wp-json\/wp\/v2\/pages"}],"about":[{"href":"https:\/\/3la3.ro\/ro\/wp-json\/wp\/v2\/types\/page"}],"author":[{"embeddable":true,"href":"https:\/\/3la3.ro\/ro\/wp-json\/wp\/v2\/users\/1"}],"replies":[{"embeddable":true,"href":"https:\/\/3la3.ro\/ro\/wp-json\/wp\/v2\/comments?post=2863"}],"version-history":[{"count":1,"href":"https:\/\/3la3.ro\/ro\/wp-json\/wp\/v2\/pages\/2863\/revisions"}],"predecessor-version":[{"id":7456,"href":"https:\/\/3la3.ro\/ro\/wp-json\/wp\/v2\/pages\/2863\/revisions\/7456"}],"wp:attachment":[{"href":"https:\/\/3la3.ro\/ro\/wp-json\/wp\/v2\/media?parent=2863"}],"curies":[{"name":"wp","href":"https:\/\/api.w.org\/{rel}","templated":true}]}}