{"id":1461,"date":"2020-10-26T07:28:26","date_gmt":"2020-10-26T07:28:26","guid":{"rendered":"http:\/\/3la3.ro\/en\/?page_id=1461"},"modified":"2026-02-24T10:39:02","modified_gmt":"2026-02-24T10:39:02","slug":"portfolio","status":"publish","type":"page","link":"https:\/\/3la3.ro\/en\/portfolio","title":{"rendered":"Portfolio"},"content":{"rendered":"\n<p>With a proven track record in event management, the <strong>Sport Arena Streetball<\/strong> team has been involved in the organization of over <strong>450 national and international events<\/strong>, either as the main organizer, a key partner, or through the involvement of its members in strategic roles within the event structure. This extensive experience highlights the team\u2019s <strong>expertise in delivering high-impact sports events<\/strong> that engage communities and support the growth of urban basketball and the 3\u00d73 format.<\/p>\n\n\n\n<hr class=\"wp-block-separator has-text-color has-luminous-vivid-orange-color has-alpha-channel-opacity has-luminous-vivid-orange-background-color has-background is-style-wide\"\/>\n\n\n\n<section id=\"section-f6f93a08-b164-469f-b587-7c6c33f24f82\" class=\"wp-block-gutentor-counter-box gutentor-section gutentor-counter-wrapper counter-template3 has-image-bg has-custom-bg has-gutentor-overlay\"><div class=\"grid-container\"><div class=\"grid-row gutentor-grid-item-wrap\"><div class=\"gutentor-grid-column grid-lg-3 grid-md-3 grid-12\"><div class=\"gutentor-single-item gutentor-counter gutentor-single-item-0\"><div class=\"gutentor-single-item-wrap\"><div class=\"gutentor-single-item-icon-box\"><i class=\"fa fa-thumbs-up\"><\/i><\/div><div class=\"gutentor-single-item-content\"><p class=\"gutentor-single-item-number\" data-duration=\"2\" data-start=\"0\" data-end=\"250\"><\/p><h3 class=\"gutentor-single-item-title\">national events in romania<\/h3><\/div><\/div><\/div><\/div><div class=\"gutentor-grid-column grid-lg-3 grid-md-3 grid-12\"><div class=\"gutentor-single-item gutentor-counter gutentor-single-item-1\"><div class=\"gutentor-single-item-wrap\"><div class=\"gutentor-single-item-icon-box\"><i class=\"fa fa-thumbs-up\"><\/i><\/div><div class=\"gutentor-single-item-content\"><p class=\"gutentor-single-item-number\" data-duration=\"2\" data-start=\"0\" data-end=\"30\"><\/p><h3 class=\"gutentor-single-item-title\">international events in romania<\/h3><\/div><\/div><\/div><\/div><div class=\"gutentor-grid-column grid-lg-3 grid-md-3 grid-12\"><div class=\"gutentor-single-item gutentor-counter gutentor-single-item-2\"><div class=\"gutentor-single-item-wrap\"><div class=\"gutentor-single-item-icon-box\"><i class=\"fa fa-thumbs-up\"><\/i><\/div><div class=\"gutentor-single-item-content\"><p class=\"gutentor-single-item-number\" data-duration=\"2\" data-start=\"0\" data-end=\"200\"><\/p><h3 class=\"gutentor-single-item-title\">international events worldwide<\/h3><\/div><\/div><\/div><\/div><div class=\"gutentor-grid-column grid-lg-3 grid-md-3 grid-12\"><div class=\"gutentor-single-item gutentor-counter gutentor-single-item-3\"><div class=\"gutentor-single-item-wrap\"><div class=\"gutentor-single-item-icon-box\"><i class=\"fa fa-thumbs-up\"><\/i><\/div><div class=\"gutentor-single-item-content\"><p class=\"gutentor-single-item-number\" data-duration=\"2\" data-start=\"0\" data-end=\"30\"><\/p><h3 class=\"gutentor-single-item-title\">countries in which we have worked<\/h3><\/div><\/div><\/div><\/div><\/div><\/div><\/section>\n\n\n\n<section id=\"section-d42dc8ec-83da-4f3f-8db0-03e8b218d381\" class=\"wp-block-gutentor-accordion gutentor-section gutentor-accordion-wrapper accordion-template1 has-color-bg has-custom-bg\"><div class=\"grid-container\"><div class=\"grid-row gutentor-grid-item-wrap\"><div class=\"grid-md-12\"><div class=\"gutentor-accordion-wrap\"><div class=\"gutentor-single-item gutentor-single-item-0\"><div class=\"gutentor-single-item-wrap\"><div class=\"gutentor-accordion-heading\"><i class=\"gutentor-accordion-icon open-icon fas fa-plus\"><\/i><i class=\"gutentor-accordion-icon close-icon fas fa-minus\"><\/i><h3 class=\"gutentor-single-item-title\">2025<\/h3><\/div><div class=\"gutentor-accordion-body\"><p class=\"gutentor-single-item-desc\"><em>International events worldwide:<\/em><br>FIBA 3&#215;3 World Cup: Ulaanbaatar, Mongolia<br>FIBA 3&#215;3 World Tour Final: Manama, Bahrain<br>FIBA 3&#215;3 Europe Cup: Copenhagen, Denmark<br><br><em>International events in Romania:<\/em><br>FIBA 3&#215;3 World Tour: Bucharest<br>FIBA 3&#215;3 Women&#8217;s Series: Bucharest<br>FIBA 3&#215;3 Nations League: Bucharest<br><br><em>National events:<\/em><br>BCR Sport Arena Streetball &#8211; Urban Sports Festival (Bucharest x 3, Iasi, Ploiesti, Timisoara)<\/p><\/div><\/div><\/div><\/div><div class=\"gutentor-accordion-wrap\"><div class=\"gutentor-single-item gutentor-single-item-1\"><div class=\"gutentor-single-item-wrap\"><div class=\"gutentor-accordion-heading\"><i class=\"gutentor-accordion-icon open-icon fas fa-plus\"><\/i><i class=\"gutentor-accordion-icon close-icon fas fa-minus\"><\/i><h3 class=\"gutentor-single-item-title\">2024<\/h3><\/div><div class=\"gutentor-accordion-body\"><p class=\"gutentor-single-item-desc\">International Events Worldwide<br><strong>FIBA 3&#215;3 World Tour Masters:<\/strong> Manama, Bahrain; Neom, Saudi Arabia<br><strong>FIBA 3&#215;3 U23 World Cup:<\/strong> Ulaanbaatar, Mongolia<br><strong>FIBA 3&#215;3 Nations League:<\/strong> Vilnius, Lithuania; Katowice, Poland<br><br>International events in Romania<br><strong>FIBA 3&#215;3 Nations League<\/strong>: Bucharest<br><br>National events<br><strong>BCR Sport Arena Streetball:<\/strong> Bucharest &#8211; 3 stops, Ia\u0219i, Bra\u0219ov, Timi\u0219oara<\/p><\/div><\/div><\/div><\/div><div class=\"gutentor-accordion-wrap\"><div class=\"gutentor-single-item gutentor-single-item-2\"><div class=\"gutentor-single-item-wrap\"><div class=\"gutentor-accordion-heading\"><i class=\"gutentor-accordion-icon open-icon fas fa-plus\"><\/i><i class=\"gutentor-accordion-icon close-icon fas fa-minus\"><\/i><h3 class=\"gutentor-single-item-title\">2023<\/h3><\/div><div class=\"gutentor-accordion-body\"><p class=\"gutentor-single-item-desc\"><strong>FIBA 3&#215;3 World Tour Final:<\/strong> Jeddah, KSA<br><strong>FIBA 3&#215;3 World Tour Masters:<\/strong> Manama, Bahrain<br><strong>FIBA 3&#215;3 Challengers:<\/strong> Colorado, USA; Xiongan, China; Neom, KSA<br><strong>FIBA 3&#215;3 Women&#8217;s Series Stops:<\/strong> Xiongan, China; Yichang, China<br><strong>FIBA 3&#215;3 Zone Cup:<\/strong> Egypt<\/p><\/div><\/div><\/div><\/div><div class=\"gutentor-accordion-wrap\"><div class=\"gutentor-single-item gutentor-single-item-3\"><div class=\"gutentor-single-item-wrap\"><div class=\"gutentor-accordion-heading\"><i class=\"gutentor-accordion-icon open-icon fas fa-plus\"><\/i><i class=\"gutentor-accordion-icon close-icon fas fa-minus\"><\/i><h3 class=\"gutentor-single-item-title\">2022<\/h3><\/div><div class=\"gutentor-accordion-body\"><p class=\"gutentor-single-item-desc\"><strong>FIBA 3&#215;3 World Tour Masters:<\/strong> Riyadh, KSA<br><strong>FIBA 3&#215;3 Women&#8217;s Series Final:<\/strong> Constanta, Romania<br><strong>FIBA 3&#215;3 Nations League Final:<\/strong> Constanta, Romania<br><strong>FIBA 3&#215;3 U23 World Cup:<\/strong> Bucharest, Romania<br><strong>FIBA 3&#215;3 Zone Cups:<\/strong> Egypt<br><strong>FIBA 3&#215;3 Nations League:<\/strong> Ukraine, Hungary, Netherlands, France, China, Russia, Mongolia, Italy, Dominican Republic<br><strong>FIBA 3&#215;3 Zone Qualifiers:<\/strong> Andorra, Hungary, Latvia, France, Netherlands<br><strong>FIBA 3&#215;3 Quests:<\/strong> Romania<\/p><\/div><\/div><\/div><\/div><div class=\"gutentor-accordion-wrap\"><div class=\"gutentor-single-item gutentor-single-item-4\"><div class=\"gutentor-single-item-wrap\"><div class=\"gutentor-accordion-heading\"><i class=\"gutentor-accordion-icon open-icon fas fa-plus\"><\/i><i class=\"gutentor-accordion-icon close-icon fas fa-minus\"><\/i><h3 class=\"gutentor-single-item-title\">2021<\/h3><\/div><div class=\"gutentor-accordion-body\"><p class=\"gutentor-single-item-desc\"><strong>FIBA 3&#215;3 World Tour Final:<\/strong> Jeddah, KSA<br><strong>FIBA 3&#215;3 Women&#8217;s Series Final:<\/strong> Bucharest, Romania<br><strong>FIBA 3&#215;3 Nations League Final:<\/strong> Bucharest, Romania<br><strong>FIBA 3&#215;3 Zone Qualifiers:<\/strong> Andorra, Hungary, Latvia, France, Netherlands<br><strong>FIBA 3&#215;3 Quests:<\/strong> Romania<\/p><\/div><\/div><\/div><\/div><div class=\"gutentor-accordion-wrap\"><div class=\"gutentor-single-item gutentor-single-item-5\"><div class=\"gutentor-single-item-wrap\"><div class=\"gutentor-accordion-heading\"><i class=\"gutentor-accordion-icon open-icon fas fa-plus\"><\/i><i class=\"gutentor-accordion-icon close-icon fas fa-minus\"><\/i><h3 class=\"gutentor-single-item-title\">2020<\/h3><\/div><div class=\"gutentor-accordion-body\"><p class=\"gutentor-single-item-desc\">eSport Arena Streetball PS4<br>eSport Arena Streetball Xbox<br>NBA2k&amp;FIFA20 by Proedus<\/p><\/div><\/div><\/div><\/div><div class=\"gutentor-accordion-wrap\"><div class=\"gutentor-single-item gutentor-single-item-6\"><div class=\"gutentor-single-item-wrap\"><div class=\"gutentor-accordion-heading\"><i class=\"gutentor-accordion-icon open-icon fas fa-plus\"><\/i><i class=\"gutentor-accordion-icon close-icon fas fa-minus\"><\/i><h3 class=\"gutentor-single-item-title\">2019<\/h3><\/div><div class=\"gutentor-accordion-body\"><p class=\"gutentor-single-item-desc\">International events worldwide<br><br>FIBA 3&#215;3 World Tour Masters Jeddah, Arabia Saudit\u0103<br>FIBA 3&#215;3 U23 World Cup, Lanzhou, China<br>FIBA 3&#215;3 U18 World Cup, Ulaanbaatar, Mongolia<br>Ulaanbaatar Challenger, Ulaanbaatar, Mongolia<br>FIBA 3&#215;3 World Tour Masters, Praga, Cehia<br>FIBA 3&#215;3 World Cup Qualifier 2019, San Juan, Puerto Rico<br>European Games (3&#215;3 basketball event), Minsk, Belarus<br>World Urban Games (3&#215;3 basketball event), Budapesta, Ungaria<br>U23 Nations League, Sezonul 2019:<br>Southern\/ Western Europe Conference &#8211; Stop 1 &amp; 2, The Hague, Olanda<br>Southern\/ Western Europe Conference &#8211; Stop 3 &amp; 4, Voiron, Franta<br>Southern\/ Western Europe Conference &#8211; Stop 5 &amp; 6, Lignano, Italia<br>Central\/ Eastern Europe Conference &#8211; Stop 1 &amp; 2, Lviv, Ucraina<br>Central\/ Eastern Europe Conference &#8211; Stop 3 &amp; 4, Szolnok, Ungaria<br>Asia\/ Europe Conference &#8211; Stop 1 &amp; 2, Ulaanbaatar, Mongolia<br>Asia\/ Europe Conference &#8211; Stop 3 &amp; 4, Moscova, Rusia<br>Asia\/ Europe Conference &#8211; Stop 5 &amp; 6, YiChang, China<br>YiChang CBA Challenger, YiChang, China<br><br>International events in Romania <br><br>Raiffeisen Bank Bucharest Challenger, Bucure\u0219ti<br>FIBA 3&#215;3 Women Series, Bucure\u0219ti<br>FIBA 3&#215;3 Europe Cup Qualifier, Constan\u021ba<br><br>National events<br><br>Sport Arena Streetball Tour (Bucharest, Timisoara, Suceava, Satu Mare, Galati, Sibiu, Cluj-Napoca, Iasi, Drobeta Turnu Severin, Constanta)<br>Decathlon Streetball<br>Tulcea 3&#215;3 Streetplay<\/p><\/div><\/div><\/div><\/div><div class=\"gutentor-accordion-wrap\"><div class=\"gutentor-single-item gutentor-single-item-7\"><div class=\"gutentor-single-item-wrap\"><div class=\"gutentor-accordion-heading\"><i class=\"gutentor-accordion-icon open-icon fas fa-plus\"><\/i><i class=\"gutentor-accordion-icon close-icon fas fa-minus\"><\/i><h3 class=\"gutentor-single-item-title\">2018<\/h3><\/div><div class=\"gutentor-accordion-body\"><p class=\"gutentor-single-item-desc\">International events worldwide<br><br>FIBA 3\u00d73 U23 World Cup, Xian, China<br>FIBA 3\u00d73 World Cup \u2013 Manila, Philippines<br>FIBA 3\u00d73 World Tour (Chengdu \u2013 China, Utsunomyia \u2013 Japonia, Debrecen \u2013 Ungaria, Hyderabad \u2013 India)<br>FIBA 3\u00d73 Asia Cup \u2013 Shenzen, China<br>FIBA 3\u00d73 Europe Cup Qualifiers (Escaldes Engordany \u2013 Andorra, Voiron \u2013 Franta, Szolnok \u2013 Ungaria)<br>FIBA 3\u00d73 U18 Europe Cup \u2013 Debrecen, Ungaria<br>FIBA 3\u00d73 U23 Nations League (Hyderabad \u2013 India, Praga \u2013 Cehia, Ulan Bator \u2013 Mongolia, Voiron \u2013 Franta, Debrecen \u2013 Ungaria, Utsunomyia \u2013 Japonia)<br>3\u00d73 Greece Tour (Karpenisi, Atena)<br><br>International events in Romania<br><br>FIBA 3\u00d73 Europe Cup, Bucharest, Bucure\u0219ti<br>FIBA 3\u00d73 Europe Cup Qualifier, Constan\u021ba,<br>Raiffeisen Bank Bucharest Challenger<br>FIBA 3\u00d73 Bucharest Women Series<br><br>National events<br><br>Sport Arena Streetball Tour (Bucharest &#8211; ParkLake Shopping Center, Galati, Cluj-Napoca, Iasi, Suceava, Caracal, Tulcea, Bucuresti \u2013 Baneasa Shopping City, Ramnicu Valcea, Piatra Neamt, Ploiesti, Timisoara, Bucuresti \u2013 Tour Final, Constanta \u2013 Mamaia, Bucuresti \u2013 Mega Mall, Constanta \u2013 City Park)<br>Decathlon Streetball<br>Medicina Streetball<br>Turneul final al Campionatului National Universitar de Baschet 3\u00d73<\/p><\/div><\/div><\/div><\/div><div class=\"gutentor-accordion-wrap\"><div class=\"gutentor-single-item gutentor-single-item-8\"><div class=\"gutentor-single-item-wrap\"><div class=\"gutentor-accordion-heading\"><i class=\"gutentor-accordion-icon open-icon fas fa-plus\"><\/i><i class=\"gutentor-accordion-icon close-icon fas fa-minus\"><\/i><h3 class=\"gutentor-single-item-title\">2017<\/h3><\/div><div class=\"gutentor-accordion-body\"><p class=\"gutentor-single-item-desc\">International events worldwide<br><br>FIBA 3\u00d73 U18 World Cup \u2013 Chengdu \u2013 China<br>FIBA 3\u00d73 Asia U18 Cup \u2013 Kuala Lumpur, Malaezia<br>FIBA 3\u00d73 Asia Cup \u2013 Ulan Bator \u2013 Mongolia<br>FIBA 3\u00d73 Africa Cup \u2013 Lome \u2013 Togo<br>FIBA 3\u00d73 Europe U18 Cup Qualifier \u2013 Szolnok, Ungaria<br>FIBA 3\u00d73 Europe U18 Cup Qualifier \u2013 Riga, Letonia<br>FIBA 3\u00d73 Europe Cup Qualifier \u2013 Poitiers, Franta<br>FIBA 3\u00d73 Europe Cup Qualifier \u2013 Andorra la Vella, Andorra<br>FIBA 3\u00d73 Europe Cup \u2013 Amsterdam, Olanda<br>FIBA 3\u00d73 U18 Europe Cup \u2013 Debrecen, Ungaria<br>FIBA 3\u00d73 Nations League \u2013 Colombo \u2013 Sri Lanka<br>FIBA 3\u00d73 Nations League \u2013 Szolnok \u2013 Ungaria<br>FIBA 3\u00d73 Nations League \u2013 Podebrady \u2013 Cehia<br><br>International events in Romania<br><br>Raiffeisen Bank Bucharest Challenger<br><br>National events<br><br>Sport Arena Streetball Tour Romania (Bucuresti \u2013 ParkLake, Bucuresti \u2013 Politehnica, Iasi, Suceava, Bucuresti \u2013 Baneasa, Tulcea, Timisoara, Constanta \u2013 Mamaia, Oradea, Bucuresti \u2013 Tour Final, Constanta \u2013 Cazino, Mangalia, Craiova, Constanta \u2013 City Park)<br>Medicina Streetball<br>Turneul final al Campionatului National Universitar de Baschet 3\u00d73<br><\/p><\/div><\/div><\/div><\/div><div class=\"gutentor-accordion-wrap\"><div class=\"gutentor-single-item gutentor-single-item-9\"><div class=\"gutentor-single-item-wrap\"><div class=\"gutentor-accordion-heading\"><i class=\"gutentor-accordion-icon open-icon fas fa-plus\"><\/i><i class=\"gutentor-accordion-icon close-icon fas fa-minus\"><\/i><h3 class=\"gutentor-single-item-title\">2016<\/h3><\/div><div class=\"gutentor-accordion-body\"><p class=\"gutentor-single-item-desc\"><strong>International events worldwide<\/strong><br><br>FIBA 3\u00d73 World Tour Final, Abu Dhabi, UAE<br>Abu Dhabi 3\u00d73 Challenger<br>3\u00d73 Abu Dhabi Tour UAE (Abu Dhabi \u2013 ADNEC, Al Wahda, Abu Dhabi \u2013 ADNEC)<br>FIBA 3\u00d73 European U18 Championships \u2013 Debrecen, Ungaria<br>FIBA 3\u00d73 Asia U18 Championships \u2013 Kuala Lumpur, Malaezia<br>FIBA 3\u00d73 European U18 Championships Qualifier \u2013 Szolnok, Ungaria<br>FIBA 3\u00d73 European U18 Championships Qualifier \u2013 Riga, Letonia<br>FIBA 3\u00d73 European Championships Qualifier \u2013 Poitiers, Franta<br>FIBA 3\u00d73 European Championships Qualifier \u2013 Andorra la Vella, Andorra<br>FIBA 3\u00d73 European Championships Qualifier \u2013 Amsterdam, Olanda<br>FIBA 3\u00d73 World Tour Debrecen Masters \u2013 Debrecen, Ungaria<br>\u00a0\u00a0<br><strong>International events in Romania<\/strong><br>FIBA 3\u00d73 Europe Cup, Bucharest, Romania<br>Raiffeisen Bank Bucharest Challenger<br>\u00a0<br><strong>National events<\/strong><br>3\u00d73 SuperBet Tour Romania (Ploiesti, Constanta \u2013 Mamaia, Craiova, Bucuresti \u2013 Baneasa, Bucuresti Tour Final)<br>3\u00d73 Raiffeisen Bank Challenger Tour Romania (Brasov, Iasi, Bucuresti \u2013 Politehnica, Cluj-Napoca, Constanta \u2013 Cazino)<br>Champion Streetball, Bucuresti<br>Turneul final al Campionatului National Universitar de Baschet 3\u00d73<\/p><\/div><\/div><\/div><\/div><div class=\"gutentor-accordion-wrap\"><div class=\"gutentor-single-item gutentor-single-item-10\"><div class=\"gutentor-single-item-wrap\"><div class=\"gutentor-accordion-heading\"><i class=\"gutentor-accordion-icon open-icon fas fa-plus\"><\/i><i class=\"gutentor-accordion-icon close-icon fas fa-minus\"><\/i><h3 class=\"gutentor-single-item-title\">2015<\/h3><\/div><div class=\"gutentor-accordion-body\"><p class=\"gutentor-single-item-desc\">International events worldwide<br><br>FIBA 3\u00d73 World Tour Final, Abu Dhabi, UAE<br>Abu Dhabi 3\u00d73 Challenger<br>3\u00d73 Abu Dhabi Tour UAE (Abu Dhabi \u2013 Marina Club, Al Gharbia, Al Ain, Abu Dhabi \u2013 Nation Towers, Abu Dhabi \u2013 Marina Club)<br>FIBA 3\u00d73 Oceania Championships \u2013 Gold Coast, Australia<br>FISU University Games \u2013 Xiamen, China<br>Hoop it Up \u2013 Albuquerque, SUA<br>Hoop it Up \u2013 Dallas, SUA<br>\u00a0<br><strong>International events in Romania<\/strong><br><br>Raiffeisen Bank Bucharest Challenger<br>\u00a0<br><strong>National events<\/strong><br><br>Sport Arena Streetball Romania<br>Sprite Streetball Battle, Bucuresti<br>Red Bull King of The Rock (Craiova, Brasov, Bucuresti)<br>All Star Game Streetball, Cluj-Napoca<br>Turneul final al Campionatului National Universitar de Baschet 3\u00d73<\/p><\/div><\/div><\/div><\/div><div class=\"gutentor-accordion-wrap\"><div class=\"gutentor-single-item gutentor-single-item-11\"><div class=\"gutentor-single-item-wrap\"><div class=\"gutentor-accordion-heading\"><i class=\"gutentor-accordion-icon open-icon fas fa-plus\"><\/i><i class=\"gutentor-accordion-icon close-icon fas fa-minus\"><\/i><h3 class=\"gutentor-single-item-title\">2014<\/h3><\/div><div class=\"gutentor-accordion-body\"><p class=\"gutentor-single-item-desc\">International events worldwide<br><br>UAE 3&#215;3 Tour, Dubai<br><br>International events in Romania<br><br>FIBA 3\u00d73 European Championships \u2013 Bucuresti \u2013 Piata Universitatii<br>Raiffeisen Bank Bucharest Challenger<br><br>National events<br>Sport Arena Streetball, Bucure\u0219ti<br>Raiffeisen Bank Streetball Brasov<br>Raiffeisen Bank Streetball Bucuresti<br>All Star Game Streetball, Craiova<br>Cupa Liceelor \u201eStelian Gheorghiu\u201d<\/p><\/div><\/div><\/div><\/div><div class=\"gutentor-accordion-wrap\"><div class=\"gutentor-single-item gutentor-single-item-12\"><div class=\"gutentor-single-item-wrap\"><div class=\"gutentor-accordion-heading\"><i class=\"gutentor-accordion-icon open-icon fas fa-plus\"><\/i><i class=\"gutentor-accordion-icon close-icon fas fa-minus\"><\/i><h3 class=\"gutentor-single-item-title\">2013<\/h3><\/div><div class=\"gutentor-accordion-body\"><p class=\"gutentor-single-item-desc\">International events worldwide<br><br>FIBA 3\u00d73 U18 World Championships \u2013 Jakarta, Indonezia<br><br>International events in Romania<br><br>Raiffeisen Bank Bucharest Challenger, Bucharest, Romania<br>3\u00d73 EuroTour Wizz Air Sport Arena Streetball<br>World King of Dunk<br><br>National events<br>Sport Arena Streetball Tour (Bucharest, 5 stops)<\/p><\/div><\/div><\/div><\/div><div class=\"gutentor-accordion-wrap\"><div class=\"gutentor-single-item gutentor-single-item-13\"><div class=\"gutentor-single-item-wrap\"><div class=\"gutentor-accordion-heading\"><i class=\"gutentor-accordion-icon open-icon fas fa-plus\"><\/i><i class=\"gutentor-accordion-icon close-icon fas fa-minus\"><\/i><h3 class=\"gutentor-single-item-title\">2012<\/h3><\/div><div class=\"gutentor-accordion-body\"><p class=\"gutentor-single-item-desc\">International events in Romania<br><br>Sport Arena Bucharest Challenger, Bucure\u0219ti<br><br>National events<br><br>Sport Arena Streetball, Bucure\u0219ti<br>Red Bull King of The Rock (Timisoara, Cluj-Napoca, Bucuresti)<br>Sport in Parc<\/p><\/div><\/div><\/div><\/div><div class=\"gutentor-accordion-wrap\"><div class=\"gutentor-single-item gutentor-single-item-14\"><div class=\"gutentor-single-item-wrap\"><div class=\"gutentor-accordion-heading\"><i class=\"gutentor-accordion-icon open-icon fas fa-plus\"><\/i><i class=\"gutentor-accordion-icon close-icon fas fa-minus\"><\/i><h3 class=\"gutentor-single-item-title\">2011<\/h3><\/div><div class=\"gutentor-accordion-body\"><p class=\"gutentor-single-item-desc\">International events in Romania<br><br>World Dunk Contest<br><br>National events<br>Sport Arena Streetball, Bucharest<\/p><\/div><\/div><\/div><\/div><div class=\"gutentor-accordion-wrap\"><div class=\"gutentor-single-item gutentor-single-item-15\"><div class=\"gutentor-single-item-wrap\"><div class=\"gutentor-accordion-heading\"><i class=\"gutentor-accordion-icon open-icon fas fa-plus\"><\/i><i class=\"gutentor-accordion-icon close-icon fas fa-minus\"><\/i><h3 class=\"gutentor-single-item-title\">2010<\/h3><\/div><div class=\"gutentor-accordion-body\"><p class=\"gutentor-single-item-desc\">International events in Romania<br><br>Euro Dunk Contest<br><br>National events<br><br>Sport Arena Streetball, Bucharest<br>Sport \u00een Parc<\/p><\/div><\/div><\/div><\/div><div class=\"gutentor-accordion-wrap\"><div class=\"gutentor-single-item gutentor-single-item-16\"><div class=\"gutentor-single-item-wrap\"><div class=\"gutentor-accordion-heading\"><i class=\"gutentor-accordion-icon open-icon fas fa-plus\"><\/i><i class=\"gutentor-accordion-icon close-icon fas fa-minus\"><\/i><h3 class=\"gutentor-single-item-title\">2009<\/h3><\/div><div class=\"gutentor-accordion-body\"><p class=\"gutentor-single-item-desc\">International events in Romania<br><br>Euro Dunk Contest<br><br>National events<br><br>Sport Arena Streetball, Bucharest<\/p><\/div><\/div><\/div><\/div><div class=\"gutentor-accordion-wrap\"><div class=\"gutentor-single-item gutentor-single-item-17\"><div class=\"gutentor-single-item-wrap\"><div class=\"gutentor-accordion-heading\"><i class=\"gutentor-accordion-icon open-icon fas fa-plus\"><\/i><i class=\"gutentor-accordion-icon close-icon fas fa-minus\"><\/i><h3 class=\"gutentor-single-item-title\">2005-2008<\/h3><\/div><div class=\"gutentor-accordion-body\"><p class=\"gutentor-single-item-desc\">National events<br><br>Sport Arena Streetball, Bucharest<\/p><\/div><\/div><\/div><\/div><\/div><\/div><\/div><\/section>\n","protected":false},"excerpt":{"rendered":"<p>With a proven track record in event management, the Sport Arena Streetball team has been involved in the organization of over 450 national and international events, either as the main organizer, a key partner, or through the involvement of its members in strategic roles within the event structure. This extensive experience highlights the team\u2019s expertise in delivering high-impact sports events that engage communities and support the growth of urban basketball and the 3\u00d73 format.<\/p>\n","protected":false},"author":1,"featured_media":0,"parent":0,"menu_order":0,"comment_status":"closed","ping_status":"closed","template":"","meta":{"footnotes":""},"class_list":["post-1461","page","type-page","status-publish","hentry"],"_links":{"self":[{"href":"https:\/\/3la3.ro\/en\/wp-json\/wp\/v2\/pages\/1461","targetHints":{"allow":["GET"]}}],"collection":[{"href":"https:\/\/3la3.ro\/en\/wp-json\/wp\/v2\/pages"}],"about":[{"href":"https:\/\/3la3.ro\/en\/wp-json\/wp\/v2\/types\/page"}],"author":[{"embeddable":true,"href":"https:\/\/3la3.ro\/en\/wp-json\/wp\/v2\/users\/1"}],"replies":[{"embeddable":true,"href":"https:\/\/3la3.ro\/en\/wp-json\/wp\/v2\/comments?post=1461"}],"version-history":[{"count":12,"href":"https:\/\/3la3.ro\/en\/wp-json\/wp\/v2\/pages\/1461\/revisions"}],"predecessor-version":[{"id":1936,"href":"https:\/\/3la3.ro\/en\/wp-json\/wp\/v2\/pages\/1461\/revisions\/1936"}],"wp:attachment":[{"href":"https:\/\/3la3.ro\/en\/wp-json\/wp\/v2\/media?parent=1461"}],"curies":[{"name":"wp","href":"https:\/\/api.w.org\/{rel}","templated":true}]}}